{"id":866,"date":"2020-10-29T11:43:29","date_gmt":"2020-10-29T10:43:29","guid":{"rendered":"https:\/\/madalga.com\/ueber-uns\/"},"modified":"2022-08-22T08:20:59","modified_gmt":"2022-08-22T06:20:59","slug":"ueber-uns","status":"publish","type":"page","link":"https:\/\/madalga.com\/de\/ueber-uns\/","title":{"rendered":"\u00dcber uns"},"content":{"rendered":"\n  <div class=\"banner has-hover\" id=\"banner-1473662061\">\n          <div class=\"banner-inner fill\">\n        <div class=\"banner-bg fill\" >\n            <img loading=\"lazy\" decoding=\"async\" width=\"1020\" height=\"680\" src=\"https:\/\/madalga.com\/wp-content\/uploads\/2022\/07\/Madalga-PersonalBlender-PB1200-01121-1200x800.jpg\" class=\"bg attachment-large size-large\" alt=\"\" \/>                        <div class=\"overlay\"><\/div>            \n                    <\/div>\n\t\t\n        <div class=\"banner-layers container\">\n            <div class=\"fill banner-link\"><\/div>            \n   <div id=\"text-box-1839679195\" class=\"text-box banner-layer x50 md-x50 lg-x50 y50 md-y50 lg-y50 res-text\">\n                                <div class=\"text-box-content text dark text-shadow-1\">\n              \n              <div class=\"text-inner text-center\">\n                  \n\t<div id=\"text-3913778082\" class=\"text\">\n\t\t\n<h3 class=\"uppercase\">Kochen aus Leidenschaft.<\/h3>\n<p><strong>Wir wollen die Menschen dazu inspirieren, wieder selbst zu kochen und sich Zeit f\u00fcr gutes Essen zu nehmen.<\/strong><\/p>\n<p><strong>Deshalb entwickeln wir K\u00fcchenger\u00e4te, die Ihnen das Leben leichter machen und Ihre Koch- und Backk\u00fcnste verbessern.<\/strong><\/p>\n<p><strong>Wir sind davon \u00fcberzeugt, dass Kochen Spa\u00df machen sollte und nicht nur ein Mittel zum Zweck ist. Authentisches Essen beginnt in einer K\u00fcche, wird von Menschen und mit Liebe zur Sache zubereitet.<\/strong><\/p>\n<p><strong>Wir sind Feinschmecker, B\u00e4cker, Genuss- und Kochbegeisterte wie Du, gemeinsam teilen wir unsere Leidenschaft und stehen Dir mit unserern K\u00fcchenger\u00e4ten zur Seite.<\/strong><\/p>\n\t\t\n<style>\n#text-3913778082 {\n  font-size: 1rem;\n}\n<\/style>\n\t<\/div>\n\t\n              <\/div>\n           <\/div>\n                            \n<style>\n#text-box-1839679195 {\n  width: 60%;\n}\n#text-box-1839679195 .text-box-content {\n  font-size: 100%;\n}\n<\/style>\n    <\/div>\n \n        <\/div>\n      <\/div>\n\n            \n<style>\n#banner-1473662061 {\n  padding-top: 500px;\n}\n#banner-1473662061 .overlay {\n  background-color: rgba(0, 0, 0, 0.384);\n}\n<\/style>\n  <\/div>\n\n\n<div class=\"is-divider divider clearfix\" style=\"max-width:47px;background-color:rgba(0, 0, 0, 0);\"><\/div>\n\n  <div class=\"banner has-hover\" id=\"banner-2105427653\">\n          <div class=\"banner-inner fill\">\n        <div class=\"banner-bg fill\" >\n            <img loading=\"lazy\" decoding=\"async\" width=\"1260\" height=\"840\" src=\"https:\/\/madalga.com\/wp-content\/uploads\/2022\/08\/Madalga-Grain-Mill-Getreidemuehle-05418.jpg\" class=\"bg attachment-original size-original\" alt=\"\" \/>                        <div class=\"overlay\"><\/div>            \n                    <\/div>\n\t\t\n        <div class=\"banner-layers container\">\n            <div class=\"fill banner-link\"><\/div>            \n   <div id=\"text-box-550331373\" class=\"text-box banner-layer x50 md-x50 lg-x50 y50 md-y50 lg-y50 res-text\">\n                                <div class=\"text-box-content text dark text-shadow-1\">\n              \n              <div class=\"text-inner text-center\">\n                  \n\t<div id=\"text-720786697\" class=\"text\">\n\t\t\n<h3 class=\"uppercase\">Wir setzen auf Qualit\u00e4t<\/h3>\n<p><strong>Qualit\u00e4t und Langlebigkeit sind uns sehr wichtig, denn wir alle wollen lange Freude an unseren Ger\u00e4ten haben. Ob robuster Stahl, Holz oder gen\u00fcgend Power im Motor unseres Mixers, unsere Anspr\u00fcche sprechen aus unseren Ger\u00e4ten. Mit viel Liebe und Know-How haben wir ein Sortiment geschaffen, das jede K\u00fcche bereichert.<\/strong><\/p>\n\t\t\n<style>\n#text-720786697 {\n  font-size: 1rem;\n}\n<\/style>\n\t<\/div>\n\t\n              <\/div>\n           <\/div>\n                            \n<style>\n#text-box-550331373 {\n  width: 60%;\n}\n#text-box-550331373 .text-box-content {\n  font-size: 100%;\n}\n<\/style>\n    <\/div>\n \n        <\/div>\n      <\/div>\n\n            \n<style>\n#banner-2105427653 {\n  padding-top: 500px;\n}\n#banner-2105427653 .overlay {\n  background-color: rgba(0, 0, 0, 0.349);\n}\n#banner-2105427653 .banner-bg img {\n  object-position: 0% 65%;\n}\n<\/style>\n  <\/div>\n\n\n<div class=\"is-divider divider clearfix\" style=\"max-width:47px;background-color:rgba(0, 0, 0, 0);\"><\/div>\n\n  <div class=\"banner has-hover\" id=\"banner-796076855\">\n          <div class=\"banner-inner fill\">\n        <div class=\"banner-bg fill\" >\n                                                \n                    <\/div>\n\t\t\n        <div class=\"banner-layers container\">\n            <div class=\"fill banner-link\"><\/div>            \n   <div id=\"text-box-1535138818\" class=\"text-box banner-layer x50 md-x50 lg-x50 y50 md-y50 lg-y50 res-text\">\n                                <div class=\"text-box-content text dark text-shadow-1\">\n              \n              <div class=\"text-inner text-center\">\n                  \n<h3 class=\"uppercase\">Wir sind f\u00fcr dich da<\/h3>\n<p><strong>Wenn du ein Einzelh\u00e4ndler bist und unsere Produkte in dein Sortiment aufnehmen m\u00f6chtest, dann freuen wir uns auch \u00fcber deine Kontaktaufnahme. Bitte nutze diese Kontaktm\u00f6glichkeit.<\/strong><\/p>\n<a href=\"https:\/\/madalga.com\/de\/kontakt\/\" class=\"button primary\" >\n\t\t<span>Kontaktiere uns<\/span>\n\t<\/a>\n\n              <\/div>\n           <\/div>\n                            \n<style>\n#text-box-1535138818 {\n  width: 60%;\n}\n#text-box-1535138818 .text-box-content {\n  font-size: 100%;\n}\n<\/style>\n    <\/div>\n \n        <\/div>\n      <\/div>\n\n            \n<style>\n#banner-796076855 {\n  padding-top: 500px;\n  background-color: #dfc27b;\n}\n<\/style>\n  <\/div>\n\n\n","protected":false},"excerpt":{"rendered":"","protected":false},"author":2,"featured_media":0,"parent":0,"menu_order":0,"comment_status":"closed","ping_status":"closed","template":"","meta":{"_acf_changed":false,"footnotes":""},"class_list":["post-866","page","type-page","status-publish","hentry"],"acf":[],"_links":{"self":[{"href":"https:\/\/madalga.com\/de\/wp-json\/wp\/v2\/pages\/866","targetHints":{"allow":["GET"]}}],"collection":[{"href":"https:\/\/madalga.com\/de\/wp-json\/wp\/v2\/pages"}],"about":[{"href":"https:\/\/madalga.com\/de\/wp-json\/wp\/v2\/types\/page"}],"author":[{"embeddable":true,"href":"https:\/\/madalga.com\/de\/wp-json\/wp\/v2\/users\/2"}],"replies":[{"embeddable":true,"href":"https:\/\/madalga.com\/de\/wp-json\/wp\/v2\/comments?post=866"}],"version-history":[{"count":0,"href":"https:\/\/madalga.com\/de\/wp-json\/wp\/v2\/pages\/866\/revisions"}],"wp:attachment":[{"href":"https:\/\/madalga.com\/de\/wp-json\/wp\/v2\/media?parent=866"}],"curies":[{"name":"wp","href":"https:\/\/api.w.org\/{rel}","templated":true}]}}