{"id":876,"date":"2022-08-10T08:05:07","date_gmt":"2022-08-10T06:05:07","guid":{"rendered":"https:\/\/madalga.com\/getreidemuehle-classico\/"},"modified":"2022-08-22T07:56:28","modified_gmt":"2022-08-22T05:56:28","slug":"getreidemuehle-classico","status":"publish","type":"page","link":"https:\/\/madalga.com\/de\/getreidemuehle-classico\/","title":{"rendered":"Getreidem\u00fchle Classico"},"content":{"rendered":"\n\t<section class=\"section\" id=\"section_217324367\">\n\t\t<div class=\"section-bg fill\" >\n\t\t\t\t\t\t\t\t\t\n\t\t\t\n\t<div class=\"is-border\"\n\t\tstyle=\"border-color:rgba(0, 0, 0, 0.13);border-width:1px 0px 1px 0px;\">\n\t<\/div>\n\n\t\t<\/div>\n\n\t\t\n\n\t\t<div class=\"section-content relative\">\n\t\t\t\n  <div class=\"banner-grid-wrapper\">\n  <div id=\"banner-grid-825249877\" class=\"banner-grid row row-grid row-small row-box-shadow-1\" data-packery-options=\"\">\n                      \n<div class=\"col grid-col small-12 large-4 grid-col-1\" ><div class=\"col-inner\">\n\n  <div class=\"banner has-hover\" id=\"banner-2098094153\">\n          <div class=\"banner-inner fill\">\n        <div class=\"banner-bg fill\" >\n            <img loading=\"lazy\" decoding=\"async\" width=\"533\" height=\"800\" src=\"https:\/\/madalga.com\/wp-content\/uploads\/2022\/08\/Madalga-Grain-Mill-Getreidemuehle-05204-533x800.jpg\" class=\"bg attachment-large size-large\" alt=\"\" \/>                        <div class=\"overlay\"><\/div>            \n                    <\/div>\n\t\t\n        <div class=\"banner-layers container\">\n            <a class=\"fill\" href=\"https:\/\/madalga.com\/de\/produkt\/madalga-getreidemuehle-classico\/\"><div class=\"fill banner-link\"><\/div><\/a>            \n   <div id=\"text-box-1831776560\" class=\"text-box banner-layer x50 md-x50 lg-x50 y75 md-y75 lg-y75 res-text\">\n                                <div class=\"text-box-content text dark\">\n              \n              <div class=\"text-inner text-center\">\n                  \n<h4><strong><span style=\"font-size: 150%;\">EINFACHE BEDIENUNG<\/span><\/strong><\/h4>\n<h3><strong><span style=\"font-size: 150%;\">MAHLGRAD EINSTELLEN<\/span><\/strong><\/h3>\n<p class=\"lead\">\n              <\/div>\n           <\/div>\n                            \n<style>\n#text-box-1831776560 {\n  width: 70%;\n}\n#text-box-1831776560 .text-box-content {\n  font-size: 100%;\n}\n<\/style>\n    <\/div>\n \n        <\/div>\n      <\/div>\n\n              <div class=\"height-fix is-invisible\"><img loading=\"lazy\" decoding=\"async\" width=\"533\" height=\"800\" src=\"https:\/\/madalga.com\/wp-content\/uploads\/2022\/08\/Madalga-Grain-Mill-Getreidemuehle-05204-533x800.jpg\" class=\"attachment-large size-large\" alt=\"\" srcset=\"https:\/\/madalga.com\/wp-content\/uploads\/2022\/08\/Madalga-Grain-Mill-Getreidemuehle-05204-533x800.jpg 533w, https:\/\/madalga.com\/wp-content\/uploads\/2022\/08\/Madalga-Grain-Mill-Getreidemuehle-05204-267x400.jpg 267w, https:\/\/madalga.com\/wp-content\/uploads\/2022\/08\/Madalga-Grain-Mill-Getreidemuehle-05204-768x1152.jpg 768w, https:\/\/madalga.com\/wp-content\/uploads\/2022\/08\/Madalga-Grain-Mill-Getreidemuehle-05204-247x371.jpg 247w, https:\/\/madalga.com\/wp-content\/uploads\/2022\/08\/Madalga-Grain-Mill-Getreidemuehle-05204-800x1200.jpg 800w, https:\/\/madalga.com\/wp-content\/uploads\/2022\/08\/Madalga-Grain-Mill-Getreidemuehle-05204.jpg 840w\" sizes=\"auto, (max-width: 533px) 100vw, 533px\" \/><\/div>\n            \n<style>\n#banner-2098094153 .overlay {\n  background-color: rgba(0, 0, 0, 0.134);\n}\n#banner-2098094153 .banner-bg img {\n  object-position: 63% 38%;\n}\n<\/style>\n  <\/div>\n\n\n<\/div><\/div>\n<div class=\"col grid-col small-12 large-3 grid-col-1\" ><div class=\"col-inner\">\n\n  <div class=\"banner has-hover\" id=\"banner-684078498\">\n          <div class=\"banner-inner fill\">\n        <div class=\"banner-bg fill\" >\n            <img loading=\"lazy\" decoding=\"async\" width=\"533\" height=\"800\" src=\"https:\/\/madalga.com\/wp-content\/uploads\/2022\/08\/Madalga-Grain-Mill-Getreidemuehle-05193-533x800.jpg\" class=\"bg attachment-large size-large\" alt=\"\" \/>                        <div class=\"overlay\"><\/div>            \n                    <\/div>\n\t\t\n        <div class=\"banner-layers container\">\n            <a class=\"fill\" href=\"https:\/\/madalga.com\/de\/produkt\/madalga-getreidemuehle-classico\/\"><div class=\"fill banner-link\"><\/div><\/a>            \n   <div id=\"text-box-950233321\" class=\"text-box banner-layer x50 md-x50 lg-x50 y10 md-y10 lg-y10 res-text\">\n                                <div class=\"text-box-content text dark\">\n              \n              <div class=\"text-inner text-center\">\n                  \n<h3><strong><span style=\"font-size: 180%;\">EINE EXTREM SOLIDE GEFERTIGTE M\u00dcHLE<\/span><\/strong><\/h3>\n              <\/div>\n           <\/div>\n                            \n<style>\n#text-box-950233321 {\n  width: 60%;\n}\n#text-box-950233321 .text-box-content {\n  font-size: 100%;\n}\n@media (min-width:550px) {\n  #text-box-950233321 {\n    width: 70%;\n  }\n}\n<\/style>\n    <\/div>\n \n        <\/div>\n      <\/div>\n\n              <div class=\"height-fix is-invisible\"><img loading=\"lazy\" decoding=\"async\" width=\"533\" height=\"800\" src=\"https:\/\/madalga.com\/wp-content\/uploads\/2022\/08\/Madalga-Grain-Mill-Getreidemuehle-05193-533x800.jpg\" class=\"attachment-large size-large\" alt=\"\" srcset=\"https:\/\/madalga.com\/wp-content\/uploads\/2022\/08\/Madalga-Grain-Mill-Getreidemuehle-05193-533x800.jpg 533w, https:\/\/madalga.com\/wp-content\/uploads\/2022\/08\/Madalga-Grain-Mill-Getreidemuehle-05193-267x400.jpg 267w, https:\/\/madalga.com\/wp-content\/uploads\/2022\/08\/Madalga-Grain-Mill-Getreidemuehle-05193-768x1152.jpg 768w, https:\/\/madalga.com\/wp-content\/uploads\/2022\/08\/Madalga-Grain-Mill-Getreidemuehle-05193-247x371.jpg 247w, https:\/\/madalga.com\/wp-content\/uploads\/2022\/08\/Madalga-Grain-Mill-Getreidemuehle-05193-800x1200.jpg 800w, https:\/\/madalga.com\/wp-content\/uploads\/2022\/08\/Madalga-Grain-Mill-Getreidemuehle-05193.jpg 840w\" sizes=\"auto, (max-width: 533px) 100vw, 533px\" \/><\/div>\n            \n<style>\n#banner-684078498 .overlay {\n  background-color: rgba(0, 0, 0, 0.122);\n}\n#banner-684078498 .banner-bg img {\n  object-position: 28% 57%;\n}\n<\/style>\n  <\/div>\n\n\n<\/div><\/div>\n<div class=\"col grid-col small-14 large-5 grid-col-1-3\" ><div class=\"col-inner\">\n\n  <div class=\"banner has-hover\" id=\"banner-1175568912\">\n          <div class=\"banner-inner fill\">\n        <div class=\"banner-bg fill\" >\n                                    <div class=\"overlay\"><\/div>            \n                    <\/div>\n\t\t\n        <div class=\"banner-layers container\">\n            <a class=\"fill\" href=\"https:\/\/madalga.com\/de\/produkt\/madalga-getreidemuehle-classico\/\"><div class=\"fill banner-link\"><\/div><\/a>            \n   <div id=\"text-box-27598683\" class=\"text-box banner-layer x10 md-x10 lg-x10 y80 md-y80 lg-y80 res-text\">\n                                <div class=\"text-box-content text \">\n              \n              <div class=\"text-inner text-left\">\n                  \n<h3 class=\"uppercase\"><strong><span style=\"font-size: 150%;\">Die Handm\u00fchle Madalga Classico ist ein Klassiker<\/span><\/strong><\/h3>\n              <\/div>\n           <\/div>\n                            \n<style>\n#text-box-27598683 {\n  width: 47%;\n}\n#text-box-27598683 .text-box-content {\n  font-size: 100%;\n}\n<\/style>\n    <\/div>\n \n        <\/div>\n      <\/div>\n\n              <div class=\"height-fix is-invisible\"><\/div>\n            \n<style>\n#banner-1175568912 .overlay {\n  background-color: rgba(255, 255, 255, 0.15);\n}\n#banner-1175568912 {\n  background-color: #dfc27b;\n}\n<\/style>\n  <\/div>\n\n\n<\/div><\/div>\n<div class=\"col grid-col small-12 large-5 grid-col-2-3\" ><div class=\"col-inner\">\n\n  <div class=\"banner has-hover\" id=\"banner-1527382950\">\n          <div class=\"banner-inner fill\">\n        <div class=\"banner-bg fill\" >\n            <img loading=\"lazy\" decoding=\"async\" width=\"533\" height=\"800\" src=\"https:\/\/madalga.com\/wp-content\/uploads\/2022\/08\/Madalga-Grain-Mill-Getreidemuehle-05172-533x800.jpg\" class=\"bg attachment-large size-large\" alt=\"\" \/>                        <div class=\"overlay\"><\/div>            \n                    <\/div>\n\t\t\n        <div class=\"banner-layers container\">\n            <a class=\"fill\" href=\"https:\/\/madalga.com\/de\/produkt\/madalga-getreidemuehle-classico\/\"><div class=\"fill banner-link\"><\/div><\/a>            \n   <div id=\"text-box-1856132894\" class=\"text-box banner-layer x50 md-x50 lg-x50 y50 md-y50 lg-y50 res-text\">\n                                <div class=\"text-box-content text dark\">\n              \n              <div class=\"text-inner text-center\">\n                  \n<h3><span style=\"font-size: 160%;\"><strong>GROSSER TRICHTER<\/strong><\/span><\/h3>\n              <\/div>\n           <\/div>\n                            \n<style>\n#text-box-1856132894 {\n  width: 60%;\n}\n#text-box-1856132894 .text-box-content {\n  font-size: 100%;\n}\n@media (min-width:550px) {\n  #text-box-1856132894 {\n    width: 70%;\n  }\n}\n<\/style>\n    <\/div>\n \n        <\/div>\n      <\/div>\n\n              <div class=\"height-fix is-invisible\"><img loading=\"lazy\" decoding=\"async\" width=\"533\" height=\"800\" src=\"https:\/\/madalga.com\/wp-content\/uploads\/2022\/08\/Madalga-Grain-Mill-Getreidemuehle-05172-533x800.jpg\" class=\"attachment-large size-large\" alt=\"\" srcset=\"https:\/\/madalga.com\/wp-content\/uploads\/2022\/08\/Madalga-Grain-Mill-Getreidemuehle-05172-533x800.jpg 533w, https:\/\/madalga.com\/wp-content\/uploads\/2022\/08\/Madalga-Grain-Mill-Getreidemuehle-05172-267x400.jpg 267w, https:\/\/madalga.com\/wp-content\/uploads\/2022\/08\/Madalga-Grain-Mill-Getreidemuehle-05172-768x1152.jpg 768w, https:\/\/madalga.com\/wp-content\/uploads\/2022\/08\/Madalga-Grain-Mill-Getreidemuehle-05172-247x371.jpg 247w, https:\/\/madalga.com\/wp-content\/uploads\/2022\/08\/Madalga-Grain-Mill-Getreidemuehle-05172-800x1200.jpg 800w, https:\/\/madalga.com\/wp-content\/uploads\/2022\/08\/Madalga-Grain-Mill-Getreidemuehle-05172.jpg 840w\" sizes=\"auto, (max-width: 533px) 100vw, 533px\" \/><\/div>\n            \n<style>\n#banner-1527382950 .overlay {\n  background-color: rgba(0, 0, 0, 0.3);\n}\n#banner-1527382950 {\n  background-color: rgb(0, 0, 0);\n}\n#banner-1527382950 .banner-bg img {\n  object-position: 100% 51%;\n}\n<\/style>\n  <\/div>\n\n\n<\/div><\/div>\n            <\/div>\n    <style>\n    #banner-grid-825249877 .grid-col-1{height: 617px}\n    #banner-grid-825249877 .grid-col-1-2{height: 308.5px}\n    #banner-grid-825249877 .grid-col-1-3{height:205.66666666667px}\n    #banner-grid-825249877 .grid-col-2-3{height: 411.33333333333px}\n    #banner-grid-825249877 .grid-col-1-4{height: 154.25px}\n    #banner-grid-825249877 .grid-col-3-4{height: 462.75px}\n\n\n    \n    \n\n  <\/style>\n    <\/div>\n  \n\t\t<\/div>\n\n\t\t\n<style>\n#section_217324367 {\n  padding-top: 30px;\n  padding-bottom: 30px;\n  background-color: rgb(237, 239, 241);\n}\n<\/style>\n\t<\/section>\n\t\n\n\t<section class=\"section\" id=\"section_1119115951\">\n\t\t<div class=\"section-bg fill\" >\n\t\t\t\t\t\t\t\t\t\n\t\t\t\n\n\t\t<\/div>\n\n\t\t\n\n\t\t<div class=\"section-content relative\">\n\t\t\t\n<div class=\"row\"  id=\"row-1287331725\">\n\n\t<div id=\"col-1194836924\" class=\"col small-12 large-12\"  >\n\t\t\t\t<div class=\"col-inner\"  >\n\t\t\t\n\t\t\t\n<h2>Getreidem\u00fchle Classico von Madalga \u2013 Handgetreidem\u00fchle mit Stahlscheiben<\/h2>\n<p>Der Name ist Programm, denn unsere Handm\u00fchle Madalga Classico ist ein Klassiker, ein wahres Schmuckst\u00fcck, das Ihre K\u00fcche bereichern wird. Ohne jeglichen Strom kann mit ihr eine beachtliche Menge Mehl hergestellt werden. Der gro\u00dfe Trichter fasst volle 1,3 kg (Weizen). Das gro\u00dfe Schwungrad mit Handkurbel treibt die M\u00fchle mit Leichtigkeit an, so dass du ganz einfach dein eigenes Mehl herstellen kannst, ohne Strom zu ben\u00f6tigen.<\/p>\n<p>Die Madalga Classico Hand-Getreidem\u00fchle ist \u00e4u\u00dferst solide verarbeitet, verf\u00fcgt \u00fcber ein Mahlwerk aus rostfreiem Stahl und kann nicht nur alle Getreidesorten, sondern auch alle Arten von Samen und getrocknetem Mais verarbeiten. Der Mahlgrad kann so gro\u00dfz\u00fcgig eingestellt werden, dass auch Schrot wie Gr\u00fcnkernschrot hergestellt werden kann.<\/p>\n<p>Durch die Feineinstellung k\u00f6nnen Kaffeebohnen und Gew\u00fcrze perfekt verarbeitet werden, so dass deine Madalga Classico zu einer Getreidem\u00fchle, Kaffeem\u00fchle und Gew\u00fcrzm\u00fchle wird.<\/p>\n<p>Ein Statement f\u00fcr Liebhaber der Authentischen K\u00fcche, f\u00fcr Selbermacher und alle die noch etwas besonderes f\u00fcr ihre Landhausk\u00fcche suchen. Sie ist ein wahres Schmuckst\u00fcck und wertet jede K\u00fcche auf. Der nostalgische und klassische Look, die Kombination von Wei\u00df und Holzt\u00f6nen, verspr\u00fcht ein ganz besonderes Flair.<\/p>\n\t\t<\/div>\n\t\t\t\t\t<\/div>\n\n\t\n<\/div>\n\t\t<\/div>\n\n\t\t\n<style>\n#section_1119115951 {\n  padding-top: 30px;\n  padding-bottom: 30px;\n}\n<\/style>\n\t<\/section>\n\t\n\n\t<section class=\"section\" id=\"section_1920494858\">\n\t\t<div class=\"section-bg fill\" >\n\t\t\t\t\t\t\t\t\t\n\t\t\t\n\n\t\t<\/div>\n\n\t\t\n\n\t\t<div class=\"section-content relative\">\n\t\t\t\n<div class=\"row\"  id=\"row-973065565\">\n\n\t<div id=\"col-444236122\" class=\"col small-12 large-12\"  >\n\t\t\t\t<div class=\"col-inner\"  >\n\t\t\t\n\t\t\t\n\n  <div class=\"banner has-hover\" id=\"banner-2089789841\">\n          <div class=\"banner-inner fill\">\n        <div class=\"banner-bg fill\" >\n            <img loading=\"lazy\" decoding=\"async\" width=\"1020\" height=\"725\" src=\"https:\/\/madalga.com\/wp-content\/uploads\/2022\/08\/Madalga-Grain-Mill-Getreidemuehle-05240-1126x800.jpg\" class=\"bg attachment-large size-large\" alt=\"\" \/>                        <div class=\"overlay\"><\/div>            \n                    <\/div>\n\t\t\n        <div class=\"banner-layers container\">\n            <a class=\"fill\" href=\"https:\/\/madalga.com\/de\/produkt\/madalga-getreidemuehle-classico\/\"><div class=\"fill banner-link\"><\/div><\/a>            \n   <div id=\"text-box-908572411\" class=\"text-box banner-layer x5 md-x5 lg-x5 y50 md-y50 lg-y50 res-text\">\n                                <div class=\"text-box-content text box-shadow-3\">\n              \n              <div class=\"text-inner text-left\">\n                  \n<h2 class=\"uppercase\"><strong>Madalga Getreidem\u00fchle Classico<\/strong><\/h2>\n<p>Ein Statement f\u00fcr Liebhaber der Authentischen K\u00fcche, f\u00fcr Selbermacher und alle die noch etwas besonderes f\u00fcr ihre Landhausk\u00fcche suchen.<\/p>\n<a href=\"https:\/\/madalga.com\/de\/produkt\/madalga-getreidemuehle-classico\/\" class=\"button secondary\" >\n\t\t<span>zur Getreidem\u00fchle Classico<\/span>\n\t<i class=\"icon-shopping-bag\" aria-hidden=\"true\"><\/i><\/a>\n\n              <\/div>\n           <\/div>\n                            \n<style>\n#text-box-908572411 .text-box-content {\n  background-color: rgb(255, 255, 255);\n  font-size: 100%;\n}\n#text-box-908572411 .text-inner {\n  padding: 30px 30px 30px 30px;\n}\n#text-box-908572411 {\n  width: 60%;\n}\n@media (min-width:550px) {\n  #text-box-908572411 {\n    width: 40%;\n  }\n}\n<\/style>\n    <\/div>\n \n        <\/div>\n      <\/div>\n\n            \n<style>\n#banner-2089789841 {\n  padding-top: 500px;\n  background-color: rgb(255, 255, 255);\n}\n#banner-2089789841 .overlay {\n  background-color: rgba(190, 190, 190, 0.2);\n}\n#banner-2089789841 .banner-bg img {\n  object-position: 0% 89%;\n}\n<\/style>\n  <\/div>\n\n\n\t\t<\/div>\n\t\t\t\t\t<\/div>\n\n\t\n<\/div>\n\t\t<\/div>\n\n\t\t\n<style>\n#section_1920494858 {\n  padding-top: 30px;\n  padding-bottom: 30px;\n  background-color: rgb(255, 255, 255);\n}\n<\/style>\n\t<\/section>\n\t\n\t\n  \n    <div class=\"row large-columns-5 medium-columns-3 small-columns-2 row-small has-shadow row-box-shadow-1 slider row-slider slider-nav-reveal slider-nav-push\"  data-flickity-options='{&quot;imagesLoaded&quot;: true, &quot;groupCells&quot;: &quot;100%&quot;, &quot;dragThreshold&quot; : 5, &quot;cellAlign&quot;: &quot;left&quot;,&quot;wrapAround&quot;: true,&quot;prevNextButtons&quot;: true,&quot;percentPosition&quot;: true,&quot;pageDots&quot;: false, &quot;rightToLeft&quot;: false, &quot;autoPlay&quot; : false}' >\n\n  <\/div>\n","protected":false},"excerpt":{"rendered":"","protected":false},"author":2,"featured_media":0,"parent":0,"menu_order":0,"comment_status":"closed","ping_status":"closed","template":"page-blank.php","meta":{"_acf_changed":false,"footnotes":""},"class_list":["post-876","page","type-page","status-publish","hentry"],"acf":[],"_links":{"self":[{"href":"https:\/\/madalga.com\/de\/wp-json\/wp\/v2\/pages\/876","targetHints":{"allow":["GET"]}}],"collection":[{"href":"https:\/\/madalga.com\/de\/wp-json\/wp\/v2\/pages"}],"about":[{"href":"https:\/\/madalga.com\/de\/wp-json\/wp\/v2\/types\/page"}],"author":[{"embeddable":true,"href":"https:\/\/madalga.com\/de\/wp-json\/wp\/v2\/users\/2"}],"replies":[{"embeddable":true,"href":"https:\/\/madalga.com\/de\/wp-json\/wp\/v2\/comments?post=876"}],"version-history":[{"count":0,"href":"https:\/\/madalga.com\/de\/wp-json\/wp\/v2\/pages\/876\/revisions"}],"wp:attachment":[{"href":"https:\/\/madalga.com\/de\/wp-json\/wp\/v2\/media?parent=876"}],"curies":[{"name":"wp","href":"https:\/\/api.w.org\/{rel}","templated":true}]}}