{"id":882,"date":"2020-10-20T12:22:06","date_gmt":"2020-10-20T10:22:06","guid":{"rendered":"https:\/\/madalga.com\/startseite\/"},"modified":"2024-07-24T10:04:41","modified_gmt":"2024-07-24T08:04:41","slug":"startseite","status":"publish","type":"page","link":"https:\/\/madalga.com\/de\/","title":{"rendered":"Startseite"},"content":{"rendered":"<div class=\"slider-wrapper relative\" id=\"slider-1167886336\" >\n    <div class=\"slider slider-nav-circle slider-nav-large slider-nav-light slider-style-normal\"\n        data-flickity-options='{\n            \"cellAlign\": \"center\",\n            \"imagesLoaded\": true,\n            \"lazyLoad\": 1,\n            \"freeScroll\": false,\n            \"wrapAround\": true,\n            \"autoPlay\": 6000,\n            \"pauseAutoPlayOnHover\" : true,\n            \"prevNextButtons\": true,\n            \"contain\" : true,\n            \"adaptiveHeight\" : true,\n            \"dragThreshold\" : 10,\n            \"percentPosition\": true,\n            \"pageDots\": true,\n            \"rightToLeft\": false,\n            \"draggable\": true,\n            \"selectedAttraction\": 0.1,\n            \"parallax\" : 0,\n            \"friction\": 0.6        }'\n        >\n        \n\n  <div class=\"banner has-hover\" id=\"banner-1715632260\">\n          <div class=\"banner-inner fill\">\n        <div class=\"banner-bg fill\" >\n            <img loading=\"lazy\" decoding=\"async\" width=\"1260\" height=\"840\" src=\"https:\/\/madalga.com\/wp-content\/uploads\/2024\/07\/Blendtec-Vakuum-Madalga-VOID-902500-1.jpg\" class=\"bg attachment-original size-original\" alt=\"Blendtec Vakuum Deckel Madalga VOID\" \/>                        <div class=\"overlay\"><\/div>            \n                    <\/div>\n\t\t\n        <div class=\"banner-layers container\">\n            <div class=\"fill banner-link\"><\/div>            \n   <div id=\"text-box-1067966572\" class=\"text-box banner-layer x50 md-x50 lg-x50 y50 md-y50 lg-y50 res-text\">\n                                <div class=\"text-box-content text dark text-shadow-1\">\n              \n              <div class=\"text-inner text-center\">\n                  \n\t<div id=\"text-3049729829\" class=\"text\">\n\t\t\n<h3>MADALGA VOID<\/h3>\n<h1 style=\"font-size: 350%; line-height: 100%;\">Vakuum Deckel f\u00fcr Blendtec Mixer<\/h1>\n<p><strong>Kompatibel mit Blendtec WildSide+ und FourSide Jar<\/strong><\/p>\n<p>\u00a0<\/p>\n\t\t\n<style>\n#text-3049729829 {\n  font-size: 1rem;\n}\n<\/style>\n\t<\/div>\n\t\n<a href=\"https:\/\/madalga.com\/de\/produkt\/madalga-void-vakuum-deckel\/\" class=\"button secondary\" >\n\t\t<span>mehr erfahren<\/span>\n\t<\/a>\n\n              <\/div>\n           <\/div>\n                            \n<style>\n#text-box-1067966572 {\n  width: 90%;\n}\n#text-box-1067966572 .text-box-content {\n  font-size: 100%;\n}\n@media (min-width:550px) {\n  #text-box-1067966572 {\n    width: 60%;\n  }\n}\n<\/style>\n    <\/div>\n \n        <\/div>\n      <\/div>\n\n            \n<style>\n#banner-1715632260 {\n  padding-top: 600px;\n}\n#banner-1715632260 .overlay {\n  background-color: rgba(0, 0, 0, 0.18);\n}\n<\/style>\n  <\/div>\n\n\n\n  <div class=\"banner has-hover\" id=\"banner-2048176631\">\n          <div class=\"banner-inner fill\">\n        <div class=\"banner-bg fill\" >\n            <img loading=\"lazy\" decoding=\"async\" width=\"1260\" height=\"840\" src=\"https:\/\/madalga.com\/wp-content\/uploads\/2022\/07\/Madalga-PersonalBlender-PB1200-01121.jpg\" class=\"bg attachment-original size-original\" alt=\"\" \/>                        <div class=\"overlay\"><\/div>            \n                    <\/div>\n\t\t\n        <div class=\"banner-layers container\">\n            <div class=\"fill banner-link\"><\/div>            \n   <div id=\"text-box-1796334648\" class=\"text-box banner-layer x50 md-x50 lg-x50 y50 md-y50 lg-y50 res-text\">\n                                <div class=\"text-box-content text dark text-shadow-1\">\n              \n              <div class=\"text-inner text-center\">\n                  \n\t<div id=\"text-3437481779\" class=\"text\">\n\t\t\n<h1 style=\"font-size: 350%;line-height: 100%\">Begr\u00fc\u00dft den Personal Blender PB-1200<\/h1>\n<p><strong>blending <span style=\"color: #5b5b5b\">|<\/span> juicing<span style=\"color: #5b5b5b\"> |<\/span> grinding<\/strong><\/p>\n<\/p>\n\t\t\n<style>\n#text-3437481779 {\n  font-size: 1rem;\n}\n<\/style>\n\t<\/div>\n\t\n<a href=\"https:\/\/madalga.com\/de\/personal-blender\/\" class=\"button secondary\" >\n\t\t<span>mehr erfahren<\/span>\n\t<\/a>\n\n              <\/div>\n           <\/div>\n                            \n<style>\n#text-box-1796334648 {\n  width: 90%;\n}\n#text-box-1796334648 .text-box-content {\n  font-size: 100%;\n}\n@media (min-width:550px) {\n  #text-box-1796334648 {\n    width: 60%;\n  }\n}\n<\/style>\n    <\/div>\n \n        <\/div>\n      <\/div>\n\n            \n<style>\n#banner-2048176631 {\n  padding-top: 600px;\n}\n#banner-2048176631 .overlay {\n  background-color: rgba(0, 0, 0, 0.18);\n}\n<\/style>\n  <\/div>\n\n\n\n  <div class=\"banner has-hover\" id=\"banner-4498695\">\n          <div class=\"banner-inner fill\">\n        <div class=\"banner-bg fill\" >\n            <img loading=\"lazy\" decoding=\"async\" width=\"1260\" height=\"895\" src=\"https:\/\/madalga.com\/wp-content\/uploads\/2022\/08\/Madalga-Grain-Mill-Getreidemuehle-05240.jpg\" class=\"bg attachment-original size-original\" alt=\"\" \/>                        <div class=\"overlay\"><\/div>            \n                    <\/div>\n\t\t\n        <div class=\"banner-layers container\">\n            <div class=\"fill banner-link\"><\/div>            \n   <div id=\"text-box-1802114404\" class=\"text-box banner-layer x50 md-x50 lg-x50 y50 md-y50 lg-y50 res-text\">\n                                <div class=\"text-box-content text dark text-shadow-1\">\n              \n              <div class=\"text-inner text-center\">\n                  \n\t<div id=\"text-914628291\" class=\"text\">\n\t\t\n<h4 class=\"uppercase\" style=\"text-align: center\"><strong>pr\u00e4sentieren wir mit Stolz unser <\/strong><\/h4>\n<h2 class=\"uppercase\" style=\"text-align: center\"><strong>Getreidem\u00fchle Classico <\/strong><\/h2>\n<p style=\"text-align: center\"><strong>autark<span style=\"color: #5b5b5b\"> |<\/span> solide <span style=\"color: #5b5b5b\">|<\/span> effizient<\/strong><\/p>\n\t\t\n<style>\n#text-914628291 {\n  font-size: 1rem;\n}\n<\/style>\n\t<\/div>\n\t\n<a href=\"https:\/\/madalga.com\/de\/getreidemuehle-classico\/\" class=\"button secondary\" >\n\t\t<span>mehr erfahren<\/span>\n\t<\/a>\n\n              <\/div>\n           <\/div>\n                            \n<style>\n#text-box-1802114404 {\n  width: 86%;\n}\n#text-box-1802114404 .text-box-content {\n  font-size: 100%;\n}\n@media (min-width:550px) {\n  #text-box-1802114404 {\n    width: 60%;\n  }\n}\n<\/style>\n    <\/div>\n \n        <\/div>\n      <\/div>\n\n            \n<style>\n#banner-4498695 {\n  padding-top: 600px;\n}\n#banner-4498695 .overlay {\n  background-color: rgba(0, 0, 0, 0.169);\n}\n#banner-4498695 .banner-bg img {\n  object-position: 29% 94%;\n}\n<\/style>\n  <\/div>\n\n\n     <\/div>\n\n     <div class=\"loading-spin dark large centered\"><\/div>\n\n\t<\/div>\n\n\n<div class=\"is-divider divider clearfix\" style=\"height:1px;background-color:rgba(0, 0, 0, 0);\"><\/div>\n\n\t<section class=\"section\" id=\"section_1007661977\">\n\t\t<div class=\"section-bg fill\" >\n\t\t\t\t\t\t\t\t\t\n\t\t\t\n\n\t\t<\/div>\n\n\t\t\t<div class=\"ux-shape-divider ux-shape-divider--top ux-shape-divider--style-waves-opacity-3 ux-shape-divider--flip\">\n\t\t<svg viewBox=\"0 0 1000 300\" xmlns=\"http:\/\/www.w3.org\/2000\/svg\" preserveAspectRatio=\"none\">\n\t<path class=\"ux-shape-fill\" opacity=\"0.05\" d=\"M1014 264V386H206L34 300C34 300 344.42 277.16 436 221C542 156 590 160 704 209C811 255 899.11 214.94 979 346L1014 264Z\"\/>\n\t<path class=\"ux-shape-fill\" opacity=\"0.1\" d=\"M-302 55C-302 55 -66.73 263.25 50 214C178 160 283 116 353 141C445.68 174.1 534.28 256.19 588 249C692.9 235 764.52 75.94 855 131C940.61 183.09 1000 254 1000 254V328L-306 338L-302 55Z\"\/>\n\t<path class=\"ux-shape-fill\" opacity=\"0.15\" d=\"M-286 255C-286 255 -72 152 52 126C176 100 255 155 436 227C581.57 284.91 614.7 277.79 708 227C787 184 1009 3.0001 1093 164C1146 265.63 1031 293 1031 293L924 377L-288 389L-286 255Z\"\/>\n\t<path class=\"ux-shape-fill\" opacity=\"0.3\" d=\"M-24 69C-24 69 275.68 370.66 389 314C397 310 622 316 673 356C690.47 369.7 845 224 890 182C944.8 130.85 1018 92 1078 143C1154.12 207.7 1196 242 1196 242L1184 374L-28 386L-24 69Z\"\/>\n\t<path class=\"ux-shape-fill\" d=\"M-12 201C-12 201 58 284 182 258C306 232 342.29 221.23 456 264C565 305 640.82 288.36 721 249C776 222 837.5 191.31 935 253C984 284 1030 279 1030 279L1024 430L-12 440V201Z\"\/>\n<\/svg>\n\t<\/div>\n\n\t<div class=\"ux-shape-divider ux-shape-divider--bottom ux-shape-divider--style-waves-opacity ux-shape-divider--flip\">\n\t\t<svg viewBox=\"0 0 1000 300\" xmlns=\"http:\/\/www.w3.org\/2000\/svg\" preserveAspectRatio=\"none\">\n    <path class=\"ux-shape-fill\" d=\"M0 300L-1 69.71C216 57 299.47 198.86 403 226C506 253 577 196 660 197C740 198 790.09 234.07 874 267C935.23 291 982 282.61 1000 277.61V300H0Z\"\/>\n    <path class=\"ux-shape-fill\" opacity=\"0.5\" d=\"M1 265.094L0 50.5C217 37.79 300.47 186.36 404 213.5C507 240.5 578 196.5 661 197.5C741 198.5 787.59 239.57 871.5 272.5C932.73 296.5 980.5 284.5 998.5 279.5V298.5L1 265.094Z\"\/>\n    <path class=\"ux-shape-fill\" opacity=\"0.15\" d=\"M0.999878 244.094L-0.00012207 27C217 14.29 300.47 173.86 404 201C507 228 578 196 661 197C741 198 787.59 243.07 871.5 276C932.73 300 980.5 284.5 998.5 279.5V299L0.999878 244.094Z\"\/>\n<\/svg>\n\n\t<\/div>\n\n\t\t<div class=\"section-content relative\">\n\t\t\t\n<div class=\"row row-large\"  id=\"row-551347500\">\n\n\t<div id=\"col-189688739\" class=\"col medium-4 small-12 large-4\"  >\n\t\t\t\t<div class=\"col-inner\"  >\n\t\t\t\n\t\t\t\n\n\t\t<div class=\"icon-box featured-box icon-box-top text-left\"  >\n\t\t\t\t<div class=\"icon-box-text last-reset\">\n\t\t\t\t\t\t\t\t\t\n<h4>Kochen mit Leidenschaft<\/h4>\n<p>Willkommen bei Malaga. Wir entwickeln K\u00fcchenger\u00e4te, die das Leben leichter machen und deine Koch- und Backk\u00fcnste verbessern.<\/p>\n\t\t<\/div>\n\t<\/div>\n\t\n\t\n\t\t<\/div>\n\t\t\t\t\t<\/div>\n\n\t\n\n\t<div id=\"col-657870191\" class=\"col medium-4 small-12 large-4\"  >\n\t\t\t\t<div class=\"col-inner\"  >\n\t\t\t\n\t\t\t\n\n\t\t<div class=\"icon-box featured-box icon-box-top text-left\"  >\n\t\t\t\t<div class=\"icon-box-text last-reset\">\n\t\t\t\t\t\t\t\t\t\n<h4>Perfekt mixen<\/h4>\n<p>Wir sind seit 15 Jahren im Mixergesch\u00e4ft t\u00e4tig. Unsere Anforderungen sprechen f\u00fcr sich, wie z. B. eine satte Leistung von 1200 Watt.<\/p>\n\t\t<\/div>\n\t<\/div>\n\t\n\t\n\t\t<\/div>\n\t\t\t\t\t<\/div>\n\n\t\n\n\t<div id=\"col-742691283\" class=\"col medium-4 small-12 large-4\"  >\n\t\t\t\t<div class=\"col-inner\"  >\n\t\t\t\n\t\t\t\n\n\t\t<div class=\"icon-box featured-box icon-box-top text-left\"  >\n\t\t\t\t<div class=\"icon-box-text last-reset\">\n\t\t\t\t\t\t\t\t\t\n<h4>Pioniere der Getreidem\u00fchlen<\/h4>\n<p>Wir sind Pioniere auf dem Gebiet der Getreidem\u00fchlen. Unser langj\u00e4hriges Know-how flie\u00dft nun auch in die M\u00fchlen hier bei madalga ein.<\/p>\n\t\t<\/div>\n\t<\/div>\n\t\n\t\n\t\t<\/div>\n\t\t\t\t\t<\/div>\n\n\t\n<\/div>\n\t\t<\/div>\n\n\t\t\n<style>\n#section_1007661977 {\n  padding-top: 60px;\n  padding-bottom: 60px;\n  background-color: rgb(247, 245, 244);\n}\n#section_1007661977 .ux-shape-divider--top svg {\n  height: 150px;\n  --divider-top-width: 234%;\n}\n#section_1007661977 .ux-shape-divider--bottom svg {\n  height: 70px;\n  --divider-width: 100%;\n}\n<\/style>\n\t<\/section>\n\t\n<div class=\"container section-title-container\" ><h3 class=\"section-title section-title-center\"><b aria-hidden=\"true\"><\/b><span class=\"section-title-main\" >Entdecke deinen neuen K\u00fcchenfavoriten<\/span><b aria-hidden=\"true\"><\/b><\/h3><\/div>\n\n\t<section class=\"section\" id=\"section_2044059465\">\n\t\t<div class=\"section-bg fill\" >\n\t\t\t\t\t\t\t\t\t\n\t\t\t\n\n\t\t<\/div>\n\n\t\t\n\n\t\t<div class=\"section-content relative\">\n\t\t\t\n<div class=\"row row-collapse row-full-width align-middle\"  id=\"row-665387932\">\n\n\t<div id=\"col-1613861867\" class=\"col medium-6 small-12 large-6 small-col-first\"  >\n\t\t\t\t<div class=\"col-inner\"  >\n\t\t\t\n\t\t\t\n\n  <div class=\"banner has-hover\" id=\"banner-1437247735\">\n          <div class=\"banner-inner fill\">\n        <div class=\"banner-bg fill\" >\n            <img loading=\"lazy\" decoding=\"async\" width=\"800\" height=\"800\" src=\"https:\/\/madalga.com\/wp-content\/uploads\/2024\/07\/Blendtec-Vakuum-Madalga-VOID-902500-3.jpg\" class=\"bg attachment-large size-large\" alt=\"Blendtec Vakuum\" \/>                                    \n                    <\/div>\n\t\t\n        <div class=\"banner-layers container\">\n            <div class=\"fill banner-link\"><\/div>            \n   <div id=\"text-box-1923565052\" class=\"text-box banner-layer x15 md-x15 lg-x15 y0 md-y0 lg-y0 res-text\">\n                                <div class=\"text-box-content text dark\">\n              \n              <div class=\"text-inner text-center\">\n                  \n              <\/div>\n           <\/div>\n                            \n<style>\n#text-box-1923565052 {\n  width: 60%;\n}\n#text-box-1923565052 .text-box-content {\n  font-size: 100%;\n}\n@media (min-width:550px) {\n  #text-box-1923565052 {\n    width: 60%;\n  }\n}\n<\/style>\n    <\/div>\n \n        <\/div>\n      <\/div>\n\n            \n<style>\n#banner-1437247735 {\n  padding-top: 400px;\n  background-color: rgb(247, 245, 244);\n}\n#banner-1437247735 .banner-bg img {\n  object-position: 100% 10%;\n}\n@media (min-width:550px) {\n  #banner-1437247735 {\n    padding-top: 450px;\n  }\n}\n@media (min-width:850px) {\n  #banner-1437247735 {\n    padding-top: 500px;\n  }\n}\n<\/style>\n  <\/div>\n\n\n\t\t<\/div>\n\t\t\t\t\t<\/div>\n\n\t\n\n\t<div id=\"col-249310786\" class=\"col medium-6 small-12 large-6\"  >\n\t\t\t\t<div class=\"col-inner\"  >\n\t\t\t\n\t\t\t\n<h6 class=\"uppercase primary-color\">Madalga VOID Vakuum Deckel<\/h6>\n<h2>Vakuum Lid f\u00fcr Blendtec und Vitamix Mixer<\/h2>\n<p>Der Madalga Void-Vakuum-Mixer-Deckel erzeugt den doppelten Druck in der H\u00e4lfte der Zeit im Vergleich zu anderen Vakuum-Mixern, arbeitet l\u00e4nger zwischen den Aufladungen und hat eine eingebaute Fehlerwarnung.<\/p>\n<a href=\"https:\/\/madalga.com\/de\/produkt\/madalga-void-vakuum-deckel\/\" class=\"button secondary\" style=\"border-radius:4px;\">\n\t\t<span>Erfahre mehr \u00fcber den Vakuum Deckel<\/span>\n\t<i class=\"icon-angle-down\" aria-hidden=\"true\"><\/i><\/a>\n\n\t\t<\/div>\n\t\t\t\t\n<style>\n#col-249310786 > .col-inner {\n  padding: 80px 10% 80px 10%;\n}\n<\/style>\n\t<\/div>\n\n\t\n<\/div>\n<div class=\"row row-collapse row-full-width align-middle\"  id=\"row-558151878\">\n\n\t<div id=\"col-191789536\" class=\"col medium-6 small-12 large-6\"  >\n\t\t\t\t<div class=\"col-inner\"  >\n\t\t\t\n\t\t\t\n<h6 class=\"uppercase primary-color\">Madalga Teigausrollmaschine RS-101 und RS-201<\/h6>\n<h2>Mit unseren Teigausroller er\u00f6ffnen Sie sich unendliche Backm\u00f6glichkeiten!<\/h2>\n<p>In Zusammenarbeit mit Japan Kneader bringt Madalga Ihnen die beste kompakte Teigausrollmaschine. Mit dieser einfachen und kompakten Teigausrollmaschine k\u00f6nnen Sie in Ihrer K\u00fcche zu Hause perfekte laminierte Teige herstellen. Beide Versionen sind ideal f\u00fcr die Tischplatte und bieten ausreichend Platz, um gleichm\u00e4\u00dfige Teige f\u00fcr alles von Geb\u00e4ck bis Pizza auszurollen.<\/p>\n<a href=\"https:\/\/madalga.com\/de\/produkt\/madalga-teigausrollmaschine\/\" class=\"button secondary\" style=\"border-radius:4px;\">\n\t\t<span>Erfahre mehr \u00fcber die Teigausroller<\/span>\n\t<i class=\"icon-angle-down\" aria-hidden=\"true\"><\/i><\/a>\n\n\t\t<\/div>\n\t\t\t\t\n<style>\n#col-191789536 > .col-inner {\n  padding: 80px 10% 80px 10%;\n}\n<\/style>\n\t<\/div>\n\n\t\n\n\t<div id=\"col-348839125\" class=\"col medium-6 small-12 large-6 small-col-first\"  >\n\t\t\t\t<div class=\"col-inner\"  >\n\t\t\t\n\t\t\t\n\n  <div class=\"banner has-hover\" id=\"banner-1177930280\">\n          <div class=\"banner-inner fill\">\n        <div class=\"banner-bg fill\" >\n            <img loading=\"lazy\" decoding=\"async\" width=\"800\" height=\"800\" src=\"https:\/\/madalga.com\/wp-content\/uploads\/2024\/07\/MA-RS101-Teigausrollmaschine-RS101-3-800x800.jpg\" class=\"bg attachment-large size-large\" alt=\"\" \/>                                    \n                    <\/div>\n\t\t\n        <div class=\"banner-layers container\">\n            <div class=\"fill banner-link\"><\/div>            \n   <div id=\"text-box-1481470928\" class=\"text-box banner-layer x15 md-x15 lg-x15 y0 md-y0 lg-y0 res-text\">\n                                <div class=\"text-box-content text dark\">\n              \n              <div class=\"text-inner text-center\">\n                  \n              <\/div>\n           <\/div>\n                            \n<style>\n#text-box-1481470928 {\n  width: 60%;\n}\n#text-box-1481470928 .text-box-content {\n  font-size: 100%;\n}\n@media (min-width:550px) {\n  #text-box-1481470928 {\n    width: 60%;\n  }\n}\n<\/style>\n    <\/div>\n \n        <\/div>\n      <\/div>\n\n            \n<style>\n#banner-1177930280 {\n  padding-top: 400px;\n  background-color: rgb(247, 245, 244);\n}\n#banner-1177930280 .banner-bg img {\n  object-position: 100% 10%;\n}\n@media (min-width:550px) {\n  #banner-1177930280 {\n    padding-top: 450px;\n  }\n}\n@media (min-width:850px) {\n  #banner-1177930280 {\n    padding-top: 500px;\n  }\n}\n<\/style>\n  <\/div>\n\n\n\t\t<\/div>\n\t\t\t\t\t<\/div>\n\n\t\n<\/div>\n<div class=\"row row-collapse row-full-width align-middle\"  id=\"row-1044759991\">\n\n\t<div id=\"col-1125362026\" class=\"col medium-6 small-12 large-6 small-col-first\"  >\n\t\t\t\t<div class=\"col-inner\"  >\n\t\t\t\n\t\t\t\n\n  <div class=\"banner has-hover\" id=\"banner-2054754857\">\n          <div class=\"banner-inner fill\">\n        <div class=\"banner-bg fill\" >\n            <img loading=\"lazy\" decoding=\"async\" width=\"800\" height=\"800\" src=\"https:\/\/madalga.com\/wp-content\/uploads\/2022\/08\/Madalga-Grain-Mill-Handgetreidemuehle-1-MA-MM01.jpg\" class=\"bg attachment-large size-large\" alt=\"\" \/>                                    \n                    <\/div>\n\t\t\n        <div class=\"banner-layers container\">\n            <div class=\"fill banner-link\"><\/div>            \n   <div id=\"text-box-12158842\" class=\"text-box banner-layer x15 md-x15 lg-x15 y0 md-y0 lg-y0 res-text\">\n                                <div class=\"text-box-content text dark\">\n              \n              <div class=\"text-inner text-center\">\n                  \n              <\/div>\n           <\/div>\n                            \n<style>\n#text-box-12158842 {\n  width: 60%;\n}\n#text-box-12158842 .text-box-content {\n  font-size: 100%;\n}\n@media (min-width:550px) {\n  #text-box-12158842 {\n    width: 60%;\n  }\n}\n<\/style>\n    <\/div>\n \n        <\/div>\n      <\/div>\n\n            \n<style>\n#banner-2054754857 {\n  padding-top: 400px;\n  background-color: rgb(247, 245, 244);\n}\n#banner-2054754857 .banner-bg img {\n  object-position: 100% 10%;\n}\n@media (min-width:550px) {\n  #banner-2054754857 {\n    padding-top: 450px;\n  }\n}\n@media (min-width:850px) {\n  #banner-2054754857 {\n    padding-top: 500px;\n  }\n}\n<\/style>\n  <\/div>\n\n\n\t\t<\/div>\n\t\t\t\t\t<\/div>\n\n\t\n\n\t<div id=\"col-1266621011\" class=\"col medium-6 small-12 large-6\"  >\n\t\t\t\t<div class=\"col-inner\"  >\n\t\t\t\n\t\t\t\n<h6 class=\"uppercase primary-color\">Madalga Getreidem\u00fchle Classico<\/h6>\n<h2>Wir entwerfen nachhaltig<\/h2>\n<p>Die Madalga Classico Hand-Getreidem\u00fchle ist \u00e4u\u00dferst solide verarbeitet und verf\u00fcgt \u00fcber ein Mahlwerk aus rostfreiem Stahl, das nicht nur alle Getreidesorten, sondern auch alle Arten von Samen und getrocknetem Mais verarbeiten kann.<\/p>\n<a href=\"https:\/\/madalga.com\/de\/produkt\/madalga-getreidemuehle-classico\/\" class=\"button secondary\" style=\"border-radius:4px;\">\n\t\t<span>Erfahre mehr \u00fcber die Classico<\/span>\n\t<i class=\"icon-angle-down\" aria-hidden=\"true\"><\/i><\/a>\n\n\t\t<\/div>\n\t\t\t\t\n<style>\n#col-1266621011 > .col-inner {\n  padding: 80px 10% 80px 10%;\n}\n<\/style>\n\t<\/div>\n\n\t\n<\/div>\n<div class=\"row row-collapse row-full-width align-middle\"  id=\"row-1520452610\">\n\n\t<div id=\"col-2035323032\" class=\"col medium-6 small-12 large-6\"  >\n\t\t\t\t<div class=\"col-inner\"  >\n\t\t\t\n\t\t\t\n<h6 class=\"uppercase primary-color\">Madalga Personal Blender 1200<\/h6>\n<h2>Kompakt, schnell und einfach zu bedienen.<\/h2>\n<p>Der kompakte Madalga Personal Blender PB-1200 \u00fcberzeugt mit einer Leistung von 1200 Watt und verf\u00fcgt \u00fcber eine Extraktionsklinge, die selbst die h\u00e4rtesten und faserigsten Lebensmittel zu perfekten Smoothies oder Shakes verarbeitet. <\/p>\n<a href=\"https:\/\/madalga.com\/de\/produkt\/madalga-personal-blender-pb-1200\/\" class=\"button secondary\" style=\"border-radius:4px;\">\n\t\t<span>Mehr \u00fcber den Personal Blender<\/span>\n\t<i class=\"icon-angle-down\" aria-hidden=\"true\"><\/i><\/a>\n\n\t\t<\/div>\n\t\t\t\t\n<style>\n#col-2035323032 > .col-inner {\n  padding: 80px 10% 80px 10%;\n}\n<\/style>\n\t<\/div>\n\n\t\n\n\t<div id=\"col-159667743\" class=\"col medium-6 small-12 large-6\"  >\n\t\t\t\t<div class=\"col-inner\"  >\n\t\t\t\n\t\t\t\n\t<div class=\"img has-hover x md-x lg-x y md-y lg-y\" id=\"image_128637837\">\n\t\t\t\t\t\t\t\t<div class=\"img-inner dark\" >\n\t\t\t<img loading=\"lazy\" decoding=\"async\" width=\"800\" height=\"800\" src=\"https:\/\/madalga.com\/wp-content\/uploads\/2022\/08\/Madalga-Personal-Blender-PB-1200-2.jpg\" class=\"attachment-large size-large\" alt=\"Madalga Personal Blender PB-1200 Mixer\" srcset=\"https:\/\/madalga.com\/wp-content\/uploads\/2022\/08\/Madalga-Personal-Blender-PB-1200-2.jpg 800w, https:\/\/madalga.com\/wp-content\/uploads\/2022\/08\/Madalga-Personal-Blender-PB-1200-2-400x400.jpg 400w, https:\/\/madalga.com\/wp-content\/uploads\/2022\/08\/Madalga-Personal-Blender-PB-1200-2-280x280.jpg 280w, https:\/\/madalga.com\/wp-content\/uploads\/2022\/08\/Madalga-Personal-Blender-PB-1200-2-768x768.jpg 768w, https:\/\/madalga.com\/wp-content\/uploads\/2022\/08\/Madalga-Personal-Blender-PB-1200-2-247x247.jpg 247w, https:\/\/madalga.com\/wp-content\/uploads\/2022\/08\/Madalga-Personal-Blender-PB-1200-2-100x100.jpg 100w\" sizes=\"auto, (max-width: 800px) 100vw, 800px\" \/>\t\t\t\t\t\t\n\t\t\t\t\t<\/div>\n\t\t\t\t\t\t\t\t\n<style>\n#image_128637837 {\n  width: 100%;\n}\n<\/style>\n\t<\/div>\n\t\n\t\t<\/div>\n\t\t\t\t\t<\/div>\n\n\t\n<\/div>\n\t\t<\/div>\n\n\t\t\n<style>\n#section_2044059465 {\n  padding-top: 0px;\n  padding-bottom: 0px;\n  background-color: rgb(247, 245, 244);\n}\n<\/style>\n\t<\/section>\n\t\n<div class=\"is-divider divider clearfix\" style=\"height:4px;background-color:rgba(0, 0, 0, 0);\"><\/div>\n\n  <div class=\"banner has-hover\" id=\"banner-1659413152\">\n          <div class=\"banner-inner fill\">\n        <div class=\"banner-bg fill\" >\n            <img loading=\"lazy\" decoding=\"async\" width=\"1020\" height=\"680\" src=\"https:\/\/madalga.com\/wp-content\/uploads\/2022\/07\/Madalga-PersonalBlender-PB1200-00625-1200x800.jpg\" class=\"bg attachment-large size-large\" alt=\"\" \/>                        <div class=\"overlay\"><\/div>            \n                    <\/div>\n\t\t\n        <div class=\"banner-layers container\">\n            <div class=\"fill banner-link\"><\/div>            \n   <div id=\"text-box-231758071\" class=\"text-box banner-layer x50 md-x50 lg-x50 y50 md-y50 lg-y50 res-text\">\n                                <div class=\"text-box-content text dark text-shadow-1\">\n              \n              <div class=\"text-inner text-center\">\n                  \n\t<div id=\"text-2177276139\" class=\"text\">\n\t\t\n<h3 class=\"uppercase\">viel Spa\u00df mit deinen neuen K\u00fcchenmaschinen<\/h3>\n<p>Und wenn du irgendwelche Fragen zu unseren Produkten hast, kannst du dich gerne an uns wenden. Wir freuen uns auf deinen Anruf oder deine Mail und helfen, wo wir k\u00f6nnen.<\/p>\n\t\t\n<style>\n#text-2177276139 {\n  font-size: 1rem;\n}\n<\/style>\n\t<\/div>\n\t\n              <\/div>\n           <\/div>\n                            \n<style>\n#text-box-231758071 {\n  width: 64%;\n}\n#text-box-231758071 .text-box-content {\n  font-size: 100%;\n}\n<\/style>\n    <\/div>\n \n        <\/div>\n      <\/div>\n\n            \n<style>\n#banner-1659413152 {\n  padding-top: 500px;\n}\n#banner-1659413152 .overlay {\n  background-color: rgba(0, 0, 0, 0.308);\n}\n<\/style>\n  <\/div>\n\n\n","protected":false},"excerpt":{"rendered":"","protected":false},"author":1,"featured_media":0,"parent":0,"menu_order":0,"comment_status":"closed","ping_status":"open","template":"","meta":{"_acf_changed":false,"footnotes":""},"class_list":["post-882","page","type-page","status-publish","hentry"],"acf":[],"_links":{"self":[{"href":"https:\/\/madalga.com\/de\/wp-json\/wp\/v2\/pages\/882","targetHints":{"allow":["GET"]}}],"collection":[{"href":"https:\/\/madalga.com\/de\/wp-json\/wp\/v2\/pages"}],"about":[{"href":"https:\/\/madalga.com\/de\/wp-json\/wp\/v2\/types\/page"}],"author":[{"embeddable":true,"href":"https:\/\/madalga.com\/de\/wp-json\/wp\/v2\/users\/1"}],"replies":[{"embeddable":true,"href":"https:\/\/madalga.com\/de\/wp-json\/wp\/v2\/comments?post=882"}],"version-history":[{"count":0,"href":"https:\/\/madalga.com\/de\/wp-json\/wp\/v2\/pages\/882\/revisions"}],"wp:attachment":[{"href":"https:\/\/madalga.com\/de\/wp-json\/wp\/v2\/media?parent=882"}],"curies":[{"name":"wp","href":"https:\/\/api.w.org\/{rel}","templated":true}]}}