{"id":902,"date":"2022-05-05T10:35:04","date_gmt":"2022-05-05T08:35:04","guid":{"rendered":"https:\/\/madalga.com\/?page_id=902"},"modified":"2022-08-22T08:58:50","modified_gmt":"2022-08-22T06:58:50","slug":"versand-lieferung","status":"publish","type":"page","link":"https:\/\/madalga.com\/de\/versand-lieferung\/","title":{"rendered":"Versand &#038; Lieferung"},"content":{"rendered":"<h1>Versand &amp; Lieferung<\/h1>\n<h3>Preise, Versandkosten und Lieferinformationen<\/h3>\n<p>Die auf den Produktseiten genannten Preise enthalten die gesetzliche Mehrwertsteuer und sonstige Preisbestandteile.\u00a0 Bitte beachten Sie das die Preise eventuell im Warenkorb abweichen nach Auswahl des Lieferlandes da hier die Mehrwertsteuers\u00e4tze unterschiedlich sein k\u00f6nnen.\u00a0 Bei Versand au\u00dferhalb der EU werden keine Mehrwertsteuer berechnet.<\/p>\n<p><strong>Deutschland<\/strong><\/p>\n<p>Ab einem Rechnungsbetrag von 100,00 Euro versenden wir die Ware versandkostenfrei.<\/p>\n<p>Bis zu diesem Betrag bezahlen Sie f\u00fcr die Lieferung innerhalb Deutschlands 5,90 Euro (mit DHL) pro Bestellung.<\/p>\n<p>Die Lieferung innerhalb Deutschlands mit DHL Express wird nach Gewicht berechnet:<\/p>\n<p>DHL Express bis 5 kg: 10,92 Euro<br \/>\nDHL Express bis 10 kg: 14,73 Euro<br \/>\nDHL Express bis 20 kg: 17,68 Euro<br \/>\nDHL Express bis 30 kg: 24,36 Euro<\/p>\n<p><strong>\u00d6sterreich<\/strong><\/p>\n<p>Ab einem Rechnungsbetrag von 100,00 Euro versenden wir die Ware versandkostenfrei.<\/p>\n<p>Bis zu diesem Betrag bezahlen Sie f\u00fcr die Lieferung innerhalb \u00d6sterreichs 6,83 Euro (mit DHL) pro Bestellung.<\/p>\n<p>Die Lieferung innerhalb \u00d6sterreichs mit DHL Express wird nach Gewicht berechnet:<\/p>\n<p>DHL Express bis 5 kg: 28,78 Euro<br \/>\nDHL Express bis 10 kg: 38,32 Euro<br \/>\nDHL Express bis 20 kg: 55,51 Euro<\/p>\n<p><strong>Rest der Welt<\/strong><\/p>\n<p>Wir bieten hier zwar keine Gratisversandschwelle au\u00dferhalb von Deutschland und \u00d6sterreich an, jedoch sind unsere Versandkosten f\u00fcr Pakete in alle weiteren L\u00e4nder sehr gering.\u00a0 Die genauen Kosten sehen Sie im Warenkorb nach Eingabe Ihrer Adresse.<\/p>\n<p>Die Versandkosten werden Ihnen im Warenkorbsystem und auf der Bestellseite nochmals deutlich mitgeteilt.<\/p>\n","protected":false},"excerpt":{"rendered":"<p>Versand &amp; Lieferung Preise, Versandkosten und Lieferinformationen Die auf den Produktseiten genannten Preise enthalten die gesetzliche Mehrwertsteuer und sonstige Preisbestandteile.\u00a0 Bitte beachten Sie das die Preise eventuell im Warenkorb abweichen nach Auswahl des Lieferlandes da hier die Mehrwertsteuers\u00e4tze unterschiedlich sein k\u00f6nnen.\u00a0 Bei Versand au\u00dferhalb der EU werden keine Mehrwertsteuer berechnet. Deutschland Ab einem Rechnungsbetrag von [&#8230;]\n","protected":false},"author":3,"featured_media":0,"parent":0,"menu_order":0,"comment_status":"closed","ping_status":"closed","template":"","meta":{"_acf_changed":false,"footnotes":""},"class_list":["post-902","page","type-page","status-publish","hentry"],"acf":[],"_links":{"self":[{"href":"https:\/\/madalga.com\/de\/wp-json\/wp\/v2\/pages\/902","targetHints":{"allow":["GET"]}}],"collection":[{"href":"https:\/\/madalga.com\/de\/wp-json\/wp\/v2\/pages"}],"about":[{"href":"https:\/\/madalga.com\/de\/wp-json\/wp\/v2\/types\/page"}],"author":[{"embeddable":true,"href":"https:\/\/madalga.com\/de\/wp-json\/wp\/v2\/users\/3"}],"replies":[{"embeddable":true,"href":"https:\/\/madalga.com\/de\/wp-json\/wp\/v2\/comments?post=902"}],"version-history":[{"count":0,"href":"https:\/\/madalga.com\/de\/wp-json\/wp\/v2\/pages\/902\/revisions"}],"wp:attachment":[{"href":"https:\/\/madalga.com\/de\/wp-json\/wp\/v2\/media?parent=902"}],"curies":[{"name":"wp","href":"https:\/\/api.w.org\/{rel}","templated":true}]}}