{"id":923,"date":"2022-08-10T08:04:35","date_gmt":"2022-08-10T06:04:35","guid":{"rendered":"https:\/\/madalga.com\/personal-blender\/"},"modified":"2022-08-22T09:51:53","modified_gmt":"2022-08-22T07:51:53","slug":"personal-blender","status":"publish","type":"page","link":"https:\/\/madalga.com\/de\/personal-blender\/","title":{"rendered":"Personal Blender"},"content":{"rendered":"\n\t<section class=\"section\" id=\"section_1227528330\">\n\t\t<div class=\"section-bg fill\" >\n\t\t\t\t\t\t\t\t\t\n\t\t\t\n\t<div class=\"is-border\"\n\t\tstyle=\"border-color:rgba(0, 0, 0, 0.13);border-width:1px 0px 1px 0px;\">\n\t<\/div>\n\n\t\t<\/div>\n\n\t\t\n\n\t\t<div class=\"section-content relative\">\n\t\t\t\n  <div class=\"banner-grid-wrapper\">\n  <div id=\"banner-grid-1015903868\" class=\"banner-grid row row-grid row-small row-box-shadow-1\" data-packery-options=\"\">\n                      \n<div class=\"col grid-col small-12 large-4 grid-col-1\" ><div class=\"col-inner\">\n\n  <div class=\"banner has-hover\" id=\"banner-1263685863\">\n          <div class=\"banner-inner fill\">\n        <div class=\"banner-bg fill\" >\n            <img loading=\"lazy\" decoding=\"async\" width=\"516\" height=\"800\" src=\"https:\/\/madalga.com\/wp-content\/uploads\/2022\/07\/Madalga-PersonalBlender-PB1200-01095-516x800.jpg\" class=\"bg attachment-large size-large\" alt=\"\" \/>                        <div class=\"overlay\"><\/div>            \n                    <\/div>\n\t\t\n        <div class=\"banner-layers container\">\n            <a class=\"fill\" href=\"https:\/\/madalga.com\/de\/produkt\/madalga-personal-blender-pb-1200\/\"><div class=\"fill banner-link\"><\/div><\/a>            \n   <div id=\"text-box-2002646235\" class=\"text-box banner-layer x50 md-x50 lg-x50 y75 md-y75 lg-y75 res-text\">\n                                <div class=\"text-box-content text dark\">\n              \n              <div class=\"text-inner text-center\">\n                  \n<h2 class=\"alt-font\">MAHLEN<\/h2>\n<h2 class=\"uppercase\"><strong><span style=\"font-size: 140%;\">Dr\u00fccken, drehen, mixen<\/span><\/strong><\/h2>\n<p class=\"lead\"><span style=\"font-size: 140%;\"><strong>SO EINFACH<\/strong><\/span><\/p>\n              <\/div>\n           <\/div>\n                            \n<style>\n#text-box-2002646235 {\n  width: 70%;\n}\n#text-box-2002646235 .text-box-content {\n  font-size: 100%;\n}\n<\/style>\n    <\/div>\n \n        <\/div>\n      <\/div>\n\n              <div class=\"height-fix is-invisible\"><img loading=\"lazy\" decoding=\"async\" width=\"516\" height=\"800\" src=\"https:\/\/madalga.com\/wp-content\/uploads\/2022\/07\/Madalga-PersonalBlender-PB1200-01095-516x800.jpg\" class=\"attachment-large size-large\" alt=\"\" srcset=\"https:\/\/madalga.com\/wp-content\/uploads\/2022\/07\/Madalga-PersonalBlender-PB1200-01095-516x800.jpg 516w, https:\/\/madalga.com\/wp-content\/uploads\/2022\/07\/Madalga-PersonalBlender-PB1200-01095-258x400.jpg 258w, https:\/\/madalga.com\/wp-content\/uploads\/2022\/07\/Madalga-PersonalBlender-PB1200-01095-768x1192.jpg 768w, https:\/\/madalga.com\/wp-content\/uploads\/2022\/07\/Madalga-PersonalBlender-PB1200-01095-247x383.jpg 247w, https:\/\/madalga.com\/wp-content\/uploads\/2022\/07\/Madalga-PersonalBlender-PB1200-01095-800x1241.jpg 800w, https:\/\/madalga.com\/wp-content\/uploads\/2022\/07\/Madalga-PersonalBlender-PB1200-01095.jpg 812w\" sizes=\"auto, (max-width: 516px) 100vw, 516px\" \/><\/div>\n            \n<style>\n#banner-1263685863 .overlay {\n  background-color: rgba(0, 0, 0, 0.145);\n}\n#banner-1263685863 .banner-bg img {\n  object-position: 64% 30%;\n}\n<\/style>\n  <\/div>\n\n\n<\/div><\/div>\n<div class=\"col grid-col small-12 large-3 grid-col-1\" ><div class=\"col-inner\">\n\n  <div class=\"banner has-hover\" id=\"banner-856331913\">\n          <div class=\"banner-inner fill\">\n        <div class=\"banner-bg fill\" >\n            <img loading=\"lazy\" decoding=\"async\" width=\"533\" height=\"800\" src=\"https:\/\/madalga.com\/wp-content\/uploads\/2022\/07\/Madalga-PersonalBlender-PB1200-01186-533x800.jpg\" class=\"bg attachment-large size-large\" alt=\"\" \/>                        <div class=\"overlay\"><\/div>            \n                    <\/div>\n\t\t\n        <div class=\"banner-layers container\">\n            <a class=\"fill\" href=\"https:\/\/madalga.com\/de\/produkt\/madalga-personal-blender-pb-1200\/\"><div class=\"fill banner-link\"><\/div><\/a>            \n   <div id=\"text-box-1229882846\" class=\"text-box banner-layer x50 md-x50 lg-x50 y10 md-y10 lg-y10 res-text\">\n                                <div class=\"text-box-content text dark\">\n              \n              <div class=\"text-inner text-center\">\n                  \n<h2><span style=\"font-size: 180%;\"><strong>To-go<\/strong><\/span><\/h2>\n              <\/div>\n           <\/div>\n                            \n<style>\n#text-box-1229882846 {\n  width: 60%;\n}\n#text-box-1229882846 .text-box-content {\n  font-size: 100%;\n}\n@media (min-width:550px) {\n  #text-box-1229882846 {\n    width: 70%;\n  }\n}\n<\/style>\n    <\/div>\n \n        <\/div>\n      <\/div>\n\n              <div class=\"height-fix is-invisible\"><img loading=\"lazy\" decoding=\"async\" width=\"533\" height=\"800\" src=\"https:\/\/madalga.com\/wp-content\/uploads\/2022\/07\/Madalga-PersonalBlender-PB1200-01186-533x800.jpg\" class=\"attachment-large size-large\" alt=\"\" srcset=\"https:\/\/madalga.com\/wp-content\/uploads\/2022\/07\/Madalga-PersonalBlender-PB1200-01186-533x800.jpg 533w, https:\/\/madalga.com\/wp-content\/uploads\/2022\/07\/Madalga-PersonalBlender-PB1200-01186-267x400.jpg 267w, https:\/\/madalga.com\/wp-content\/uploads\/2022\/07\/Madalga-PersonalBlender-PB1200-01186-768x1152.jpg 768w, https:\/\/madalga.com\/wp-content\/uploads\/2022\/07\/Madalga-PersonalBlender-PB1200-01186-247x371.jpg 247w, https:\/\/madalga.com\/wp-content\/uploads\/2022\/07\/Madalga-PersonalBlender-PB1200-01186-800x1200.jpg 800w, https:\/\/madalga.com\/wp-content\/uploads\/2022\/07\/Madalga-PersonalBlender-PB1200-01186.jpg 840w\" sizes=\"auto, (max-width: 533px) 100vw, 533px\" \/><\/div>\n            \n<style>\n#banner-856331913 .overlay {\n  background-color: rgba(0, 0, 0, 0.122);\n}\n#banner-856331913 .banner-bg img {\n  object-position: 51% 56%;\n}\n<\/style>\n  <\/div>\n\n\n<\/div><\/div>\n<div class=\"col grid-col small-14 large-5 grid-col-1-3\" ><div class=\"col-inner\">\n\n  <div class=\"banner has-hover\" id=\"banner-1603393004\">\n          <div class=\"banner-inner fill\">\n        <div class=\"banner-bg fill\" >\n                                    <div class=\"overlay\"><\/div>            \n                    <\/div>\n\t\t\n        <div class=\"banner-layers container\">\n            <a class=\"fill\" href=\"https:\/\/madalga.com\/de\/produkt\/madalga-personal-blender-pb-1200\/\"><div class=\"fill banner-link\"><\/div><\/a>            \n   <div id=\"text-box-1752367435\" class=\"text-box banner-layer x10 md-x10 lg-x10 y50 md-y50 lg-y50 res-text\">\n                                <div class=\"text-box-content text \">\n              \n              <div class=\"text-inner text-left\">\n                  \n<h2 class=\"uppercase\"><strong>Dies ist der <\/strong><\/h2>\n<h2 class=\"uppercase\"><strong>personal blender <\/strong><\/h2>\n<h2 class=\"uppercase\"><strong>PB1200<\/strong><\/h2>\n<h6>blending | juicing | grinding<\/h6>\n              <\/div>\n           <\/div>\n                            \n<style>\n#text-box-1752367435 {\n  width: 75%;\n}\n#text-box-1752367435 .text-box-content {\n  font-size: 100%;\n}\n<\/style>\n    <\/div>\n \n        <\/div>\n      <\/div>\n\n              <div class=\"height-fix is-invisible\"><\/div>\n            \n<style>\n#banner-1603393004 .overlay {\n  background-color: rgba(255, 255, 255, 0.15);\n}\n#banner-1603393004 {\n  background-color: #dfc27b;\n}\n#banner-1603393004 .banner-bg img {\n  object-position: 51% 30%;\n}\n<\/style>\n  <\/div>\n\n\n<\/div><\/div>\n<div class=\"col grid-col small-12 large-5 grid-col-2-3\" ><div class=\"col-inner\">\n\n  <div class=\"banner has-hover\" id=\"banner-66915069\">\n          <div class=\"banner-inner fill\">\n        <div class=\"banner-bg fill\" >\n            <img loading=\"lazy\" decoding=\"async\" width=\"1020\" height=\"680\" src=\"https:\/\/madalga.com\/wp-content\/uploads\/2022\/07\/Madalga-PersonalBlender-PB1200-01101-1200x800.jpg\" class=\"bg attachment-large size-large\" alt=\"\" \/>                        <div class=\"overlay\"><\/div>            \n                    <\/div>\n\t\t\n        <div class=\"banner-layers container\">\n            <a class=\"fill\" href=\"https:\/\/madalga.com\/de\/produkt\/madalga-personal-blender-pb-1200\/\"><div class=\"fill banner-link\"><\/div><\/a>            \n   <div id=\"text-box-1378247107\" class=\"text-box banner-layer x50 md-x50 lg-x50 y50 md-y50 lg-y50 res-text\">\n                                <div class=\"text-box-content text dark\">\n              \n              <div class=\"text-inner text-center\">\n                  \n<h3 class=\"uppercase\"><span style=\"font-size: 180%;\"><strong>vielseitig<\/strong><\/span><\/h3>\n              <\/div>\n           <\/div>\n                            \n<style>\n#text-box-1378247107 {\n  width: 60%;\n}\n#text-box-1378247107 .text-box-content {\n  font-size: 100%;\n}\n@media (min-width:550px) {\n  #text-box-1378247107 {\n    width: 70%;\n  }\n}\n<\/style>\n    <\/div>\n \n        <\/div>\n      <\/div>\n\n              <div class=\"height-fix is-invisible\"><img loading=\"lazy\" decoding=\"async\" width=\"1020\" height=\"680\" src=\"https:\/\/madalga.com\/wp-content\/uploads\/2022\/07\/Madalga-PersonalBlender-PB1200-01101-1200x800.jpg\" class=\"attachment-large size-large\" alt=\"\" srcset=\"https:\/\/madalga.com\/wp-content\/uploads\/2022\/07\/Madalga-PersonalBlender-PB1200-01101-1200x800.jpg 1200w, https:\/\/madalga.com\/wp-content\/uploads\/2022\/07\/Madalga-PersonalBlender-PB1200-01101-600x400.jpg 600w, https:\/\/madalga.com\/wp-content\/uploads\/2022\/07\/Madalga-PersonalBlender-PB1200-01101-768x512.jpg 768w, https:\/\/madalga.com\/wp-content\/uploads\/2022\/07\/Madalga-PersonalBlender-PB1200-01101-247x165.jpg 247w, https:\/\/madalga.com\/wp-content\/uploads\/2022\/07\/Madalga-PersonalBlender-PB1200-01101-800x533.jpg 800w, https:\/\/madalga.com\/wp-content\/uploads\/2022\/07\/Madalga-PersonalBlender-PB1200-01101.jpg 1260w\" sizes=\"auto, (max-width: 1020px) 100vw, 1020px\" \/><\/div>\n            \n<style>\n#banner-66915069 .overlay {\n  background-color: rgba(0, 0, 0, 0.3);\n}\n#banner-66915069 {\n  background-color: rgb(0, 0, 0);\n}\n#banner-66915069 .banner-bg img {\n  object-position: 66% 41%;\n}\n<\/style>\n  <\/div>\n\n\n<\/div><\/div>\n            <\/div>\n    <style>\n    #banner-grid-1015903868 .grid-col-1{height: 617px}\n    #banner-grid-1015903868 .grid-col-1-2{height: 308.5px}\n    #banner-grid-1015903868 .grid-col-1-3{height:205.66666666667px}\n    #banner-grid-1015903868 .grid-col-2-3{height: 411.33333333333px}\n    #banner-grid-1015903868 .grid-col-1-4{height: 154.25px}\n    #banner-grid-1015903868 .grid-col-3-4{height: 462.75px}\n\n\n    \n    \n\n  <\/style>\n    <\/div>\n  \n\t\t<\/div>\n\n\t\t\n<style>\n#section_1227528330 {\n  padding-top: 30px;\n  padding-bottom: 30px;\n  background-color: rgb(237, 239, 241);\n}\n<\/style>\n\t<\/section>\n\t\n\n\t<section class=\"section\" id=\"section_1837971387\">\n\t\t<div class=\"section-bg fill\" >\n\t\t\t\t\t\t\t\t\t\n\t\t\t\n\n\t\t<\/div>\n\n\t\t\n\n\t\t<div class=\"section-content relative\">\n\t\t\t\n<div class=\"row\"  id=\"row-83693103\">\n\n\t<div id=\"col-1817718093\" class=\"col small-12 large-12\"  >\n\t\t\t\t<div class=\"col-inner\"  >\n\t\t\t\n\t\t\t\n<h2>Der Madalga Personal Blender PB-1200 kompakt, mit To Go Becher, schnell und einfach zu bedienen.<\/h2>\n<p>Modern, kompakt, mit To Go Becher, schnell und einfach \u00fcber ein Touchdisplay zu bedienen.<\/p>\n<p>Der kompakte Madalga Personal Blender PB-1200 \u00fcberzeugt mit einer Leistung von 1200 Watt und verf\u00fcgt \u00fcber eine Extraktionsklinge, die selbst die h\u00e4rtesten und faserigsten Lebensmittel zu perfekten Smoothies oder Shakes verarbeitet. Aber auch beim Mahlen zeigt der Madalga Personal Blender seine St\u00e4rke und verarbeitet Reis, Kaffeebohnen oder Getreide zu feinem Mehl.<\/p>\n<p>Viel mehr als nur Smoothies: Mit dem Madalga PB-1200 k\u00f6nnen Sie unz\u00e4hlige Rezepte wie Dips, Cocktails oder kalte Suppen\/Saucen kreieren.<\/p>\n<div id=\"text-3543456731\" class=\"text\">\n<h3><strong>Dr\u00fccken, drehen, mixen<\/strong><\/h3>\n<\/div>\n<p>Die einfache und intuitive Bedienung bringt Spa\u00df in den K\u00fcchenalltag.<\/p>\n<p>Beziehen Sie Ihre Kinder mit ein: Ob fruchtige Shakes oder w\u00fcrzige Guacamole &#8211; es ist so einfach f\u00fcr sie, mitzuhelfen und gesundes Essen zuzubereiten.<\/p>\n\t\t<\/div>\n\t\t\t\t\t<\/div>\n\n\t\n<\/div>\n<div class=\"row\"  id=\"row-16827764\">\n\n\t<div id=\"col-2000326936\" class=\"col small-12 large-12\"  >\n\t\t\t\t<div class=\"col-inner\"  >\n\t\t\t\n\t\t\t\n\n  <div class=\"banner has-hover\" id=\"banner-1206093542\">\n          <div class=\"banner-inner fill\">\n        <div class=\"banner-bg fill\" >\n            <img loading=\"lazy\" decoding=\"async\" width=\"1020\" height=\"680\" src=\"https:\/\/madalga.com\/wp-content\/uploads\/2022\/07\/Madalga-PersonalBlender-PB1200-00985-1200x800.jpg\" class=\"bg attachment-large size-large\" alt=\"\" \/>                        <div class=\"overlay\"><\/div>            \n                    <\/div>\n\t\t\n        <div class=\"banner-layers container\">\n            <a class=\"fill\" href=\"https:\/\/madalga.com\/de\/produkt\/madalga-personal-blender-pb-1200\/\"><div class=\"fill banner-link\"><\/div><\/a>            \n   <div id=\"text-box-863254032\" class=\"text-box banner-layer x95 md-x95 lg-x95 y50 md-y50 lg-y50 res-text\">\n                                <div class=\"text-box-content text box-shadow-3\">\n              \n              <div class=\"text-inner text-center\">\n                  \n<h2 class=\"uppercase\" style=\"text-align: left;\"><strong>MAdalga Personal blender 1200<\/strong><\/h2>\n<p style=\"text-align: left;\">Mixe deine Proteinshakes oder Smoothies direkt im To-Go-Becher. Der mitgelieferte To-Go-Deckel macht&#8217;s m\u00f6glich. Mixen, den Deckel aufsetzen und ins Fitnessstudio oder auf eine lange Wanderung gehen.<\/p>\n<a href=\"https:\/\/madalga.com\/de\/produkt\/madalga-personal-blender-pb-1200\/\" class=\"button secondary\" >\n\t\t<span>DEN PB 1200 KAUFEN<\/span>\n\t<\/a>\n\n              <\/div>\n           <\/div>\n                            \n<style>\n#text-box-863254032 .text-box-content {\n  background-color: rgba(255, 255, 255, 0.86);\n  font-size: 100%;\n}\n#text-box-863254032 .text-inner {\n  padding: 30px 30px 30px 30px;\n}\n#text-box-863254032 {\n  width: 60%;\n}\n@media (min-width:550px) {\n  #text-box-863254032 {\n    width: 40%;\n  }\n}\n<\/style>\n    <\/div>\n \n        <\/div>\n      <\/div>\n\n            \n<style>\n#banner-1206093542 {\n  padding-top: 500px;\n}\n#banner-1206093542 .overlay {\n  background-color: rgba(0, 0, 0, 0.145);\n}\n#banner-1206093542 .banner-bg img {\n  object-position: 0% 65%;\n}\n<\/style>\n  <\/div>\n\n\n\t\t<\/div>\n\t\t\t\t\t<\/div>\n\n\t\n<\/div>\n\t\t<\/div>\n\n\t\t\n<style>\n#section_1837971387 {\n  padding-top: 30px;\n  padding-bottom: 30px;\n  background-color: rgb(255, 255, 255);\n}\n<\/style>\n\t<\/section>\n\t\n\t\n  \n    <div class=\"row large-columns-5 medium-columns-3 small-columns-2 row-small has-shadow row-box-shadow-1 slider row-slider slider-nav-reveal slider-nav-push\"  data-flickity-options='{&quot;imagesLoaded&quot;: true, &quot;groupCells&quot;: &quot;100%&quot;, &quot;dragThreshold&quot; : 5, &quot;cellAlign&quot;: &quot;left&quot;,&quot;wrapAround&quot;: true,&quot;prevNextButtons&quot;: true,&quot;percentPosition&quot;: true,&quot;pageDots&quot;: false, &quot;rightToLeft&quot;: false, &quot;autoPlay&quot; : false}' >\n\n  <\/div>\n","protected":false},"excerpt":{"rendered":"","protected":false},"author":2,"featured_media":0,"parent":0,"menu_order":0,"comment_status":"closed","ping_status":"closed","template":"page-blank.php","meta":{"_acf_changed":false,"footnotes":""},"class_list":["post-923","page","type-page","status-publish","hentry"],"acf":[],"_links":{"self":[{"href":"https:\/\/madalga.com\/de\/wp-json\/wp\/v2\/pages\/923","targetHints":{"allow":["GET"]}}],"collection":[{"href":"https:\/\/madalga.com\/de\/wp-json\/wp\/v2\/pages"}],"about":[{"href":"https:\/\/madalga.com\/de\/wp-json\/wp\/v2\/types\/page"}],"author":[{"embeddable":true,"href":"https:\/\/madalga.com\/de\/wp-json\/wp\/v2\/users\/2"}],"replies":[{"embeddable":true,"href":"https:\/\/madalga.com\/de\/wp-json\/wp\/v2\/comments?post=923"}],"version-history":[{"count":0,"href":"https:\/\/madalga.com\/de\/wp-json\/wp\/v2\/pages\/923\/revisions"}],"wp:attachment":[{"href":"https:\/\/madalga.com\/de\/wp-json\/wp\/v2\/media?parent=923"}],"curies":[{"name":"wp","href":"https:\/\/api.w.org\/{rel}","templated":true}]}}