{"id":1198,"date":"2024-06-21T15:26:37","date_gmt":"2024-06-21T13:26:37","guid":{"rendered":"https:\/\/madalga.com\/produkt\/madalga-void-vakuum-deckel-fuer-blendtec-jars-madalga-vm2-jar\/"},"modified":"2025-11-11T14:56:23","modified_gmt":"2025-11-11T13:56:23","slug":"madalga-void-vakuum-deckel","status":"publish","type":"product","link":"https:\/\/madalga.com\/de\/produkt\/madalga-void-vakuum-deckel\/","title":{"rendered":"Madalga VOID Vakuum-Deckel (f\u00fcr Blendtec Jars &#038; Madalga VM2 Jar)"},"content":{"rendered":"\n\t<section class=\"section\" id=\"section_1664354453\">\n\t\t<div class=\"section-bg fill\" >\n\t\t\t\t\t\t\t\t\t\n\t\t\t\n\n\t\t<\/div>\n\n\t\t\n\n\t\t<div class=\"section-content relative\">\n\t\t\t\n<h2>Madalga Vakuum Deckel f\u00fcr Blendtec und Vitamix Mixer<\/h2>\n<p>Der Madalga Vakuum-Mixer-Deckel wurde von VOID in den USA entwickelt und hergestellt und ist der n\u00e4chste Schritt in die Zukunft der Mixertechnologie. Vakuum-Mixen hilft bei der Erhaltung von Antioxidantien und liefert besser schmeckende Mischungen mit besserer Farbe, weniger Trennung und deutlich weniger Schaum.<\/p>\n<p>Madalga VOID Vakuumdeckel werden in den USA entwickelt und hergestellt.<\/p>\n<h2><span style=\"color: #555555; font-size: 14.4px;\">\t\t<\/div>\n\n\t\t\n<style>\n#section_1664354453 {\n  padding-top: 30px;\n  padding-bottom: 30px;\n}\n<\/style>\n\t<\/section>\n\t<\/span><\/h2>\n\n\t<section class=\"section\" id=\"section_597084810\">\n\t\t<div class=\"section-bg fill\" >\n\t\t\t\t\t\t\t\t\t\n\t\t\t\n\n\t\t<\/div>\n\n\t\t\n\n\t\t<div class=\"section-content relative\">\n\t\t\t\n<div class=\"row\"  id=\"row-234649346\">\n\n\t<div id=\"col-1737975448\" class=\"col medium-7 small-12 large-7\"  >\n\t\t\t\t<div class=\"col-inner\"  >\n\t\t\t\n\t\t\t\n<h3>GESCHMACKVOLLER<\/h3>\n<p>Bringen Sie Ihre eigenen Mischungen auf die n\u00e4chste Stufe, indem Sie die schaumige Konsistenz durch eine glatte, handels\u00fcbliche Mischung ersetzen. Durch das Entfernen der Oxidation bleibt Ihre Mischung l\u00e4nger frisch und beh\u00e4lt ihre Farbe. Nicht nur besser schmecken, sondern auch ges\u00fcnder sein!<\/p>\n<h3><span style=\"color: #555555; font-size: 14.4px;\">\t\t<\/div>\n\t\t\t\t\t<\/div>\n\n\t<\/span><\/h3>\n\n\t<div id=\"col-200792315\" class=\"col medium-5 small-12 large-5 small-col-first\"  >\n\t\t\t\t<div class=\"col-inner\"  >\n\t\t\t\n\t\t\t\n\t<div class=\"img has-hover x md-x lg-x y md-y lg-y\" id=\"image_1611784421\">\n\t\t\t\t\t\t\t\t<div class=\"img-inner dark\" >\n\t\t\t<img loading=\"lazy\" decoding=\"async\" width=\"1000\" height=\"760\" src=\"https:\/\/madalga.com\/wp-content\/uploads\/2024\/06\/vs.jpg\" class=\"attachment-large size-large\" alt=\"\" srcset=\"https:\/\/madalga.com\/wp-content\/uploads\/2024\/06\/vs.jpg 1000w, https:\/\/madalga.com\/wp-content\/uploads\/2024\/06\/vs-526x400.jpg 526w, https:\/\/madalga.com\/wp-content\/uploads\/2024\/06\/vs-768x584.jpg 768w, https:\/\/madalga.com\/wp-content\/uploads\/2024\/06\/vs-247x188.jpg 247w, https:\/\/madalga.com\/wp-content\/uploads\/2024\/06\/vs-800x608.jpg 800w\" sizes=\"auto, (max-width: 1000px) 100vw, 1000px\" \/>\t\t\t\t\t\t\n\t\t\t\t\t<\/div>\n\t\t\t\t\t\t\t\t\n<style>\n#image_1611784421 {\n  width: 100%;\n}\n<\/style>\n\t<\/div>\n\t\n\t\t<\/div>\n\t\t\t\t\t<\/div>\n\n\t\n<\/div>\n\t\t<\/div>\n\n\t\t\n<style>\n#section_597084810 {\n  padding-top: 0px;\n  padding-bottom: 0px;\n}\n<\/style>\n\t<\/section>\n\t\n\n\t<section class=\"section\" id=\"section_381293243\">\n\t\t<div class=\"section-bg fill\" >\n\t\t\t\t\t\t\t\t\t\n\t\t\t\n\n\t\t<\/div>\n\n\t\t\n\n\t\t<div class=\"section-content relative\">\n\t\t\t\n<div class=\"row\"  id=\"row-1050824312\">\n\n\t<div id=\"col-1112133946\" class=\"col medium-5 small-12 large-5 small-col-first\"  >\n\t\t\t\t<div class=\"col-inner\"  >\n\t\t\t\n\t\t\t\n\t<div class=\"img has-hover x md-x lg-x y md-y lg-y\" id=\"image_1789442726\">\n\t\t\t\t\t\t\t\t<div class=\"img-inner dark\" >\n\t\t\t<img loading=\"lazy\" decoding=\"async\" width=\"800\" height=\"800\" src=\"https:\/\/madalga.com\/wp-content\/uploads\/2024\/06\/Madalga-VOID-Vakuum-Deckel-gesund-4-800x800.jpg\" class=\"attachment-large size-large\" alt=\"\" srcset=\"https:\/\/madalga.com\/wp-content\/uploads\/2024\/06\/Madalga-VOID-Vakuum-Deckel-gesund-4-800x800.jpg 800w, https:\/\/madalga.com\/wp-content\/uploads\/2024\/06\/Madalga-VOID-Vakuum-Deckel-gesund-4-400x400.jpg 400w, https:\/\/madalga.com\/wp-content\/uploads\/2024\/06\/Madalga-VOID-Vakuum-Deckel-gesund-4-280x280.jpg 280w, https:\/\/madalga.com\/wp-content\/uploads\/2024\/06\/Madalga-VOID-Vakuum-Deckel-gesund-4-768x768.jpg 768w, https:\/\/madalga.com\/wp-content\/uploads\/2024\/06\/Madalga-VOID-Vakuum-Deckel-gesund-4-247x247.jpg 247w, https:\/\/madalga.com\/wp-content\/uploads\/2024\/06\/Madalga-VOID-Vakuum-Deckel-gesund-4-100x100.jpg 100w, https:\/\/madalga.com\/wp-content\/uploads\/2024\/06\/Madalga-VOID-Vakuum-Deckel-gesund-4.jpg 1000w\" sizes=\"auto, (max-width: 800px) 100vw, 800px\" \/>\t\t\t\t\t\t\n\t\t\t\t\t<\/div>\n\t\t\t\t\t\t\t\t\n<style>\n#image_1789442726 {\n  width: 100%;\n}\n<\/style>\n\t<\/div>\n\t\n\t\t<\/div>\n\t\t\t\t\t<\/div>\n\n\t\n\n\t<div id=\"col-1250769814\" class=\"col medium-7 small-12 large-7\"  >\n\t\t\t\t<div class=\"col-inner\"  >\n\t\t\t\n\t\t\t\n<h3>GES\u00dcNDER<\/h3>\n<p>Das Vacuun-Mixen tr\u00e4gt dazu bei, dass Vitamine, N\u00e4hrstoffe, Antioxidantien und nat\u00fcrliche Enzyme im Vergleich zum herk\u00f6mmlichen Mixen erhalten bleiben, was zu nahrhafteren, ges\u00fcnderen Smoothies, Aufstrichen und So\u00dfen f\u00fchrt.<\/p>\n\t\t<\/div>\n\t\t\t\t\t<\/div>\n\n\t\n<\/div>\n\t\t<\/div>\n\n\t\t\n<style>\n#section_381293243 {\n  padding-top: 0px;\n  padding-bottom: 0px;\n}\n<\/style>\n\t<\/section>\n\t\n\n\t<section class=\"section\" id=\"section_1691398382\">\n\t\t<div class=\"section-bg fill\" >\n\t\t\t\t\t\t\t\t\t\n\t\t\t\n\n\t\t<\/div>\n\n\t\t\n\n\t\t<div class=\"section-content relative\">\n\t\t\t\n<div class=\"row\"  id=\"row-1277046356\">\n\n\t<div id=\"col-1612689875\" class=\"col medium-7 small-12 large-7\"  >\n\t\t\t\t<div class=\"col-inner\"  >\n\t\t\t\n\t\t\t\n<h3>WARUM VOID?<\/h3>\n<p>Der Madalga Void-Vakuum-Mixer-Deckel erzeugt den doppelten Druck in der H\u00e4lfte der Zeit im Vergleich zu anderen Vakuum-Mixern, arbeitet l\u00e4nger zwischen den Aufladungen und hat eine eingebaute Fehlerwarnung.<\/p>\n<ul>\n<li>Unser Deckel bietet den doppelten Druck in der H\u00e4lfte der Zeit im Vergleich zu anderen High-End-Vakuum-Mixern.<\/li>\n<li>Verhindert, dass sich Mischungen in Schichten trennen Hilft, Vitamine, N\u00e4hrstoffe, Antioxidantien und nat\u00fcrliche Enzyme zu erhalten.<\/li>\n<li>Besserer Geschmack<\/li>\n<\/ul>\n\t\t<\/div>\n\t\t\t\t\t<\/div>\n\n\t\n\n\t<div id=\"col-1270778968\" class=\"col medium-5 small-12 large-5 small-col-first\"  >\n\t\t\t\t<div class=\"col-inner\"  >\n\t\t\t\n\t\t\t\n\t<div class=\"img has-hover x md-x lg-x y md-y lg-y\" id=\"image_530274412\">\n\t\t\t\t\t\t\t\t<div class=\"img-inner dark\" >\n\t\t\t<img loading=\"lazy\" decoding=\"async\" width=\"1000\" height=\"760\" src=\"https:\/\/madalga.com\/wp-content\/uploads\/2024\/06\/why.jpg\" class=\"attachment-large size-large\" alt=\"\" srcset=\"https:\/\/madalga.com\/wp-content\/uploads\/2024\/06\/why.jpg 1000w, https:\/\/madalga.com\/wp-content\/uploads\/2024\/06\/why-526x400.jpg 526w, https:\/\/madalga.com\/wp-content\/uploads\/2024\/06\/why-768x584.jpg 768w, https:\/\/madalga.com\/wp-content\/uploads\/2024\/06\/why-247x188.jpg 247w, https:\/\/madalga.com\/wp-content\/uploads\/2024\/06\/why-800x608.jpg 800w\" sizes=\"auto, (max-width: 1000px) 100vw, 1000px\" \/>\t\t\t\t\t\t\n\t\t\t\t\t<\/div>\n\t\t\t\t\t\t\t\t\n<style>\n#image_530274412 {\n  width: 100%;\n}\n<\/style>\n\t<\/div>\n\t\n\t\t<\/div>\n\t\t\t\t\t<\/div>\n\n\t\n<\/div>\n\t\t<\/div>\n\n\t\t\n<style>\n#section_1691398382 {\n  padding-top: 0px;\n  padding-bottom: 0px;\n}\n<\/style>\n\t<\/section>\n\t\n\n\t<section class=\"section\" id=\"section_1451715368\">\n\t\t<div class=\"section-bg fill\" >\n\t\t\t\t\t\t\t\t\t\n\t\t\t\n\n\t\t<\/div>\n\n\t\t\n\n\t\t<div class=\"section-content relative\">\n\t\t\t\n<div class=\"row\"  id=\"row-1451510467\">\n\n\t<div id=\"col-800842987\" class=\"col medium-5 small-12 large-5 small-col-first\"  >\n\t\t\t\t<div class=\"col-inner\"  >\n\t\t\t\n\t\t\t\n\t<div class=\"img has-hover x md-x lg-x y md-y lg-y\" id=\"image_2000742683\">\n\t\t\t\t\t\t\t\t<div class=\"img-inner dark\" >\n\t\t\t<img loading=\"lazy\" decoding=\"async\" width=\"800\" height=\"800\" src=\"https:\/\/madalga.com\/wp-content\/uploads\/2024\/06\/Madalga-VOID-Vakuum-Deckel-blendtec-features-3-3-800x800.jpg\" class=\"attachment-large size-large\" alt=\"\" srcset=\"https:\/\/madalga.com\/wp-content\/uploads\/2024\/06\/Madalga-VOID-Vakuum-Deckel-blendtec-features-3-3-800x800.jpg 800w, https:\/\/madalga.com\/wp-content\/uploads\/2024\/06\/Madalga-VOID-Vakuum-Deckel-blendtec-features-3-3-400x400.jpg 400w, https:\/\/madalga.com\/wp-content\/uploads\/2024\/06\/Madalga-VOID-Vakuum-Deckel-blendtec-features-3-3-280x280.jpg 280w, https:\/\/madalga.com\/wp-content\/uploads\/2024\/06\/Madalga-VOID-Vakuum-Deckel-blendtec-features-3-3-768x768.jpg 768w, https:\/\/madalga.com\/wp-content\/uploads\/2024\/06\/Madalga-VOID-Vakuum-Deckel-blendtec-features-3-3-247x247.jpg 247w, https:\/\/madalga.com\/wp-content\/uploads\/2024\/06\/Madalga-VOID-Vakuum-Deckel-blendtec-features-3-3-100x100.jpg 100w, https:\/\/madalga.com\/wp-content\/uploads\/2024\/06\/Madalga-VOID-Vakuum-Deckel-blendtec-features-3-3.jpg 1000w\" sizes=\"auto, (max-width: 800px) 100vw, 800px\" \/>\t\t\t\t\t\t\n\t\t\t\t\t<\/div>\n\t\t\t\t\t\t\t\t\n<style>\n#image_2000742683 {\n  width: 100%;\n}\n<\/style>\n\t<\/div>\n\t\n\t\t<\/div>\n\t\t\t\t\t<\/div>\n\n\t\n\n\t<div id=\"col-1770085497\" class=\"col medium-7 small-12 large-7\"  >\n\t\t\t\t<div class=\"col-inner\"  >\n\t\t\t\n\t\t\t\n<h3>Features<\/h3>\n<ul>\n<li><strong>Einfach abzulesendes digitales OLED-Display<\/strong>: Klare Anzeige f\u00fcr schnelles und einfaches Ablesen von Einstellungen und Status.<\/li>\n<li><strong>4 anpassbare Voreinstellungen<\/strong>: Personalisieren Sie Ihre Vakuum-Einstellungen f\u00fcr optimale Ergebnisse.<\/li>\n<li><strong>Mix-Z\u00e4hlwerk<\/strong>: Behalten Sie den \u00dcberblick \u00fcber die abgeschlossenen Mixzyklen.<\/li>\n<li><strong>Batterieanzeige<\/strong>: \u00dcberwachen Sie den Batteriestatus, um sicherzustellen, dass Ihr Ger\u00e4t immer einsatzbereit ist.<\/li>\n<li><strong>Magnetische Lokalisierung des Induktionsladeger\u00e4tes<\/strong>: Platzieren Sie das Induktionsladeger\u00e4t einfach auf den Deckel, und es richtet sich automatisch aus und beginnt mit dem Laden.<\/li>\n<li>Sowohl das Ladeger\u00e4t als auch das USB-Kabel sind magnetisch, um einen Basis-Schutz vor Fl\u00fcssigkeitseintritt zu gew\u00e4hrleisten. Das Kabel ist nicht fest mit dem Ladeger\u00e4t verbunden, da dies sowohl eine bessere Abdichtung am Induktionsladeger\u00e4t erm\u00f6glicht als auch die Verwendung eines gestrickten Kabels erlaubt, welches langlebiger ist als normale USB-Kabel.<\/li>\n<\/ul>\n\t\t<\/div>\n\t\t\t\t\t<\/div>\n\n\t\n<\/div>\n\t\t<\/div>\n\n\t\t\n<style>\n#section_1451715368 {\n  padding-top: 0px;\n  padding-bottom: 0px;\n}\n<\/style>\n\t<\/section>\n\t\n\n\t<section class=\"section\" id=\"section_236213859\">\n\t\t<div class=\"section-bg fill\" >\n\t\t\t\t\t\t\t\t\t\n\t\t\t\n\n\t\t<\/div>\n\n\t\t\n\n\t\t<div class=\"section-content relative\">\n\t\t\t\n<div class=\"row\"  id=\"row-841513881\">\n\n\t<div id=\"col-2120673665\" class=\"col medium-7 small-12 large-7\"  >\n\t\t\t\t<div class=\"col-inner\"  >\n\t\t\t\n\t\t\t\n<h3>Visueller Leitfaden: Verwendung des Madalga VOID\u2122 Vakuumdeckels<\/h3>\n<p>Dieser Abschnitt bietet einen visuellen \u00dcberblick \u00fcber die verschiedenen Phasen und Funktionen des Madalga VOID\u2122 Vakuumdeckels, wie im Bild dargestellt.<\/p>\n<h4>1. Start<\/h4>\n<ul>\n<li><strong>Anzeige<\/strong>: Das OLED-Display zeigt das initiale \u201cVOID\u201d-Logo, wenn der Deckel eingeschaltet wird.<\/li>\n<li><strong>Tasten<\/strong>: Verwenden Sie die Einschalttaste, um das Display einzuschalten, und die \u201cGO\u201d-Tasten, um den Vakuumprozess zu starten.<\/li>\n<\/ul>\n<h4>2. Vakuumziehen<\/h4>\n<ul>\n<li><strong>Anzeige<\/strong>: Das OLED-Display zeigt den Vakuumprozess mit einem Druckindikator an.<\/li>\n<li><strong>Funktion<\/strong>: Der Deckel erzeugt ein Vakuum im Mixbeh\u00e4lter und entfernt Luft, um die Qualit\u00e4t der Mixtur zu erhalten.\u00a0 Die Pumpe stoppt automatisch nach einigen Sekunden.\u00a0 Sie k\u00f6nnen es ebenso jederzeit fr\u00fchzeitig stoppen.<br \/>\nUm das Vakuum zu l\u00f6sen, heben Sie einfach die rote Dichtung an.<\/li>\n<\/ul>\n<h4>3. Ladeanzeige<\/h4>\n<ul>\n<li><strong>Anzeige<\/strong>: Ein rotes Licht am Induktionsladeger\u00e4t zeigt an, dass der Deckel gerade geladen wird, w\u00e4hrend ein blaues Licht anzeigt, dass der Deckel vollst\u00e4ndig geladen ist.<\/li>\n<li><strong>Verbindung<\/strong>: Das USB-Kabel wird an das Induktionsladeger\u00e4t magnetisch angeschlossen und in ein USB-Ladeger\u00e4t gesteckt. So geben wir ein Basis-Schutz gegen das eindringen von Fl\u00fcssigkeiten.<\/li>\n<\/ul>\n\t\t<\/div>\n\t\t\t\t\t<\/div>\n\n\t\n\n\t<div id=\"col-984408079\" class=\"col medium-5 small-12 large-5 small-col-first\"  >\n\t\t\t\t<div class=\"col-inner\"  >\n\t\t\t\n\t\t\t\n\t<div class=\"img has-hover x md-x lg-x y md-y lg-y\" id=\"image_1187214430\">\n\t\t\t\t\t\t\t\t<div class=\"img-inner dark\" >\n\t\t\t<img loading=\"lazy\" decoding=\"async\" width=\"800\" height=\"800\" src=\"https:\/\/madalga.com\/wp-content\/uploads\/2024\/06\/Madalga-VOID-Vakuum-Deckel-Info-1-800x800.jpg\" class=\"attachment-large size-large\" alt=\"\" srcset=\"https:\/\/madalga.com\/wp-content\/uploads\/2024\/06\/Madalga-VOID-Vakuum-Deckel-Info-1-800x800.jpg 800w, https:\/\/madalga.com\/wp-content\/uploads\/2024\/06\/Madalga-VOID-Vakuum-Deckel-Info-1-400x400.jpg 400w, https:\/\/madalga.com\/wp-content\/uploads\/2024\/06\/Madalga-VOID-Vakuum-Deckel-Info-1-280x280.jpg 280w, https:\/\/madalga.com\/wp-content\/uploads\/2024\/06\/Madalga-VOID-Vakuum-Deckel-Info-1-768x768.jpg 768w, https:\/\/madalga.com\/wp-content\/uploads\/2024\/06\/Madalga-VOID-Vakuum-Deckel-Info-1-247x247.jpg 247w, https:\/\/madalga.com\/wp-content\/uploads\/2024\/06\/Madalga-VOID-Vakuum-Deckel-Info-1-100x100.jpg 100w, https:\/\/madalga.com\/wp-content\/uploads\/2024\/06\/Madalga-VOID-Vakuum-Deckel-Info-1.jpg 1000w\" sizes=\"auto, (max-width: 800px) 100vw, 800px\" \/>\t\t\t\t\t\t\n\t\t\t\t\t<\/div>\n\t\t\t\t\t\t\t\t\n<style>\n#image_1187214430 {\n  width: 100%;\n}\n<\/style>\n\t<\/div>\n\t\n\t\t<\/div>\n\t\t\t\t\t<\/div>\n\n\t\n<\/div>\n\t\t<\/div>\n\n\t\t\n<style>\n#section_236213859 {\n  padding-top: 0px;\n  padding-bottom: 0px;\n}\n<\/style>\n\t<\/section>\n\t\n\n\t<section class=\"section\" id=\"section_1434843969\">\n\t\t<div class=\"section-bg fill\" >\n\t\t\t\t\t\t\t\t\t\n\t\t\t\n\n\t\t<\/div>\n\n\t\t\n\n\t\t<div class=\"section-content relative\">\n\t\t\t\n<div class=\"row\"  id=\"row-97189996\">\n\n\t<div id=\"col-1986610944\" class=\"col medium-5 small-12 large-5 small-col-first\"  >\n\t\t\t\t<div class=\"col-inner\"  >\n\t\t\t\n\t\t\t\n\t<div class=\"img has-hover x md-x lg-x y md-y lg-y\" id=\"image_1804587725\">\n\t\t\t\t\t\t\t\t<div class=\"img-inner dark\" >\n\t\t\t<img loading=\"lazy\" decoding=\"async\" width=\"800\" height=\"800\" src=\"https:\/\/madalga.com\/wp-content\/uploads\/2024\/06\/blendtec-set-800x800.jpg\" class=\"attachment-large size-large\" alt=\"\" srcset=\"https:\/\/madalga.com\/wp-content\/uploads\/2024\/06\/blendtec-set-800x800.jpg 800w, https:\/\/madalga.com\/wp-content\/uploads\/2024\/06\/blendtec-set-400x400.jpg 400w, https:\/\/madalga.com\/wp-content\/uploads\/2024\/06\/blendtec-set-280x280.jpg 280w, https:\/\/madalga.com\/wp-content\/uploads\/2024\/06\/blendtec-set-768x768.jpg 768w, https:\/\/madalga.com\/wp-content\/uploads\/2024\/06\/blendtec-set-1536x1536.jpg 1536w, https:\/\/madalga.com\/wp-content\/uploads\/2024\/06\/blendtec-set-2048x2048.jpg 2048w, https:\/\/madalga.com\/wp-content\/uploads\/2024\/06\/blendtec-set-247x247.jpg 247w, https:\/\/madalga.com\/wp-content\/uploads\/2024\/06\/blendtec-set-100x100.jpg 100w\" sizes=\"auto, (max-width: 800px) 100vw, 800px\" \/>\t\t\t\t\t\t\n\t\t\t\t\t<\/div>\n\t\t\t\t\t\t\t\t\n<style>\n#image_1804587725 {\n  width: 100%;\n}\n<\/style>\n\t<\/div>\n\t\n\t\t<\/div>\n\t\t\t\t\t<\/div>\n\n\t\n\n\t<div id=\"col-70214096\" class=\"col medium-7 small-12 large-7\"  >\n\t\t\t\t<div class=\"col-inner\"  >\n\t\t\t\n\t\t\t\n<h3>Lieferumfang:<\/h3>\n<ul>\n<li><strong>Madalga VOID\u2122 Vakuumdeckel<\/strong>: Mit fortschrittlicher Vakuumtechnologie verbessert der Deckel Ihr Mixerlebnis und hat zudem noch ein schlankes, benutzerfreundliches Design.<\/li>\n<li><strong>Magnetisches Induktionsladeger\u00e4t<\/strong>: Laden Sie Ihren Vakuum-Deckel m\u00fchelos mit diesem sich selbst ausrichtenden Induktionsladeger\u00e4t.<\/li>\n<li><strong>Magnetisches USB-Kabel<\/strong>: Ein praktisches Kabel zum Laden und Anschlie\u00dfen Ihres Ger\u00e4ts.<\/li>\n<li><strong>Nicht enthalten<\/strong>: Wir liefern kein USB-Ladeger\u00e4t mit, da im Grunde jeder eines zu Hause hat und das Ladeger\u00e4t so selten verwendet wird (typischerweise einmal alle paar Monate). Sie k\u00f6nnen es sogar von Ihrem Laptop oder Computer aus laden.<\/li>\n<\/ul>\n\t\t<\/div>\n\t\t\t\t\t<\/div>\n\n\t\n<\/div>\n\t\t<\/div>\n\n\t\t\n<style>\n#section_1434843969 {\n  padding-top: 0px;\n  padding-bottom: 0px;\n}\n<\/style>\n\t<\/section>\n\t\n\n\t<section class=\"section\" id=\"section_2005793360\">\n\t\t<div class=\"section-bg fill\" >\n\t\t\t\t\t\t\t\t\t\n\t\t\t\n\n\t\t<\/div>\n\n\t\t\n\n\t\t<div class=\"section-content relative\">\n\t\t\t\n<h3>Haftungsausschl\u00fcsse<\/h3>\n<ul>\n<li>Madalga Vakuum-Deckel sind nicht sp\u00fclmaschinenfest<\/li>\n<li>NICHT in Wasser eintauchen<\/li>\n<li>Madalga-Vakuumdeckel NICHT k\u00fchlen oder einfrieren<\/li>\n<li>Madalga-Vakuumdeckel NICHT mit kochendem Wasser \u00fcbergie\u00dfen.<\/li>\n<li>Die mitgelieferten kabellosen Ladeger\u00e4te sind NICHT wasserdicht<\/li>\n<li>Die Auffangvorrichtung muss nach jedem Gebrauch mit Seife und anschlie\u00dfend mit Alkohol gereinigt werden.<\/li>\n<\/ul>\n<p>Um dieses System mit Blendtec-Mixern verwenden zu k\u00f6nnen, m\u00fcssen Sie einen Blendtec WildSide+ oder FourSide-Beh\u00e4lter kaufen oder bereits besitzen. Tauschen Sie einfach Ihren vorhandenen Deckel gegen diesen Vakuum-System-Deckel aus.<\/p>\n<p>Um diesen Vakuumdeckel mit einem Vitamix-Mixer zu verwenden, m\u00fcssen Sie einen Blendtec Rebel-Jar (nicht mehr im Programm) kaufen oder bereits besitzen, oder Sie ben\u00f6tigen den Madalga VM-Jar.<\/p>\n\t\t<\/div>\n\n\t\t\n<style>\n#section_2005793360 {\n  padding-top: 30px;\n  padding-bottom: 30px;\n}\n<\/style>\n\t<\/section>\n\t\n<div class=\"row\"  id=\"row-31967948\">\n\n\t<div id=\"col-486504688\" class=\"col medium-4 small-12 large-4\"  >\n\t\t\t\t<div class=\"col-inner\"  >\n\t\t\t\n\t\t\t\n\t<div class=\"img has-hover x md-x lg-x y md-y lg-y\" id=\"image_1741492806\">\n\t\t\t\t\t\t\t\t<div class=\"img-inner dark\" >\n\t\t\t<img loading=\"lazy\" decoding=\"async\" width=\"533\" height=\"800\" src=\"https:\/\/madalga.com\/wp-content\/uploads\/2024\/09\/Blendtec-Vakuum-Madalga-VOID-902500-4.jpg\" class=\"attachment-large size-large\" alt=\"\" srcset=\"https:\/\/madalga.com\/wp-content\/uploads\/2024\/09\/Blendtec-Vakuum-Madalga-VOID-902500-4.jpg 533w, https:\/\/madalga.com\/wp-content\/uploads\/2024\/09\/Blendtec-Vakuum-Madalga-VOID-902500-4-267x400.jpg 267w, https:\/\/madalga.com\/wp-content\/uploads\/2024\/09\/Blendtec-Vakuum-Madalga-VOID-902500-4-247x371.jpg 247w\" sizes=\"auto, (max-width: 533px) 100vw, 533px\" \/>\t\t\t\t\t\t\n\t\t\t\t\t<\/div>\n\t\t\t\t\t\t\t\t\n<style>\n#image_1741492806 {\n  width: 100%;\n}\n<\/style>\n\t<\/div>\n\t\n\t\t<\/div>\n\t\t\t\t\t<\/div>\n\n\t\n\n\t<div id=\"col-375680460\" class=\"col medium-4 small-12 large-4\"  >\n\t\t\t\t<div class=\"col-inner\"  >\n\t\t\t\n\t\t\t\n\t<div class=\"img has-hover x md-x lg-x y md-y lg-y\" id=\"image_1533909220\">\n\t\t\t\t\t\t\t\t<div class=\"img-inner dark\" >\n\t\t\t<img loading=\"lazy\" decoding=\"async\" width=\"533\" height=\"800\" src=\"https:\/\/madalga.com\/wp-content\/uploads\/2024\/09\/Blendtec-Vakuum-Madalga-VOID-902500-7.jpg\" class=\"attachment-large size-large\" alt=\"\" srcset=\"https:\/\/madalga.com\/wp-content\/uploads\/2024\/09\/Blendtec-Vakuum-Madalga-VOID-902500-7.jpg 533w, https:\/\/madalga.com\/wp-content\/uploads\/2024\/09\/Blendtec-Vakuum-Madalga-VOID-902500-7-267x400.jpg 267w, https:\/\/madalga.com\/wp-content\/uploads\/2024\/09\/Blendtec-Vakuum-Madalga-VOID-902500-7-247x371.jpg 247w\" sizes=\"auto, (max-width: 533px) 100vw, 533px\" \/>\t\t\t\t\t\t\n\t\t\t\t\t<\/div>\n\t\t\t\t\t\t\t\t\n<style>\n#image_1533909220 {\n  width: 100%;\n}\n<\/style>\n\t<\/div>\n\t\n\t\t<\/div>\n\t\t\t\t\t<\/div>\n\n\t\n\n\t<div id=\"col-922385626\" class=\"col medium-4 small-12 large-4\"  >\n\t\t\t\t<div class=\"col-inner\"  >\n\t\t\t\n\t\t\t\n\t<div class=\"img has-hover x md-x lg-x y md-y lg-y\" id=\"image_1394875859\">\n\t\t\t\t\t\t\t\t<div class=\"img-inner dark\" >\n\t\t\t<img loading=\"lazy\" decoding=\"async\" width=\"533\" height=\"800\" src=\"https:\/\/madalga.com\/wp-content\/uploads\/2024\/09\/Blendtec-Vakuum-Madalga-VOID-902500-5.jpg\" class=\"attachment-large size-large\" alt=\"\" srcset=\"https:\/\/madalga.com\/wp-content\/uploads\/2024\/09\/Blendtec-Vakuum-Madalga-VOID-902500-5.jpg 533w, https:\/\/madalga.com\/wp-content\/uploads\/2024\/09\/Blendtec-Vakuum-Madalga-VOID-902500-5-267x400.jpg 267w, https:\/\/madalga.com\/wp-content\/uploads\/2024\/09\/Blendtec-Vakuum-Madalga-VOID-902500-5-247x371.jpg 247w\" sizes=\"auto, (max-width: 533px) 100vw, 533px\" \/>\t\t\t\t\t\t\n\t\t\t\t\t<\/div>\n\t\t\t\t\t\t\t\t\n<style>\n#image_1394875859 {\n  width: 100%;\n}\n<\/style>\n\t<\/div>\n\t\n\t\t<\/div>\n\t\t\t\t\t<\/div>\n\n\t\n<\/div>\n","protected":false},"excerpt":{"rendered":"","protected":false},"featured_media":1159,"comment_status":"open","ping_status":"closed","template":"","meta":{"_acf_changed":false},"product_brand":[],"product_cat":[81],"product_tag":[],"class_list":{"0":"post-1198","1":"product","2":"type-product","3":"status-publish","4":"has-post-thumbnail","6":"product_cat-kuchengerate","8":"first","9":"instock","10":"taxable","11":"shipping-taxable","12":"purchasable","13":"product-type-simple"},"acf":[],"_links":{"self":[{"href":"https:\/\/madalga.com\/de\/wp-json\/wp\/v2\/product\/1198","targetHints":{"allow":["GET"]}}],"collection":[{"href":"https:\/\/madalga.com\/de\/wp-json\/wp\/v2\/product"}],"about":[{"href":"https:\/\/madalga.com\/de\/wp-json\/wp\/v2\/types\/product"}],"replies":[{"embeddable":true,"href":"https:\/\/madalga.com\/de\/wp-json\/wp\/v2\/comments?post=1198"}],"wp:featuredmedia":[{"embeddable":true,"href":"https:\/\/madalga.com\/de\/wp-json\/wp\/v2\/media\/1159"}],"wp:attachment":[{"href":"https:\/\/madalga.com\/de\/wp-json\/wp\/v2\/media?parent=1198"}],"wp:term":[{"taxonomy":"product_brand","embeddable":true,"href":"https:\/\/madalga.com\/de\/wp-json\/wp\/v2\/product_brand?post=1198"},{"taxonomy":"product_cat","embeddable":true,"href":"https:\/\/madalga.com\/de\/wp-json\/wp\/v2\/product_cat?post=1198"},{"taxonomy":"product_tag","embeddable":true,"href":"https:\/\/madalga.com\/de\/wp-json\/wp\/v2\/product_tag?post=1198"}],"curies":[{"name":"wp","href":"https:\/\/api.w.org\/{rel}","templated":true}]}}