{"id":1340,"date":"2024-07-13T15:49:46","date_gmt":"2024-07-13T13:49:46","guid":{"rendered":"https:\/\/madalga.com\/produkt\/madalga-teigausrollmaschine\/"},"modified":"2025-04-01T14:48:16","modified_gmt":"2025-04-01T12:48:16","slug":"madalga-teigausrollmaschine","status":"publish","type":"product","link":"https:\/\/madalga.com\/de\/produkt\/madalga-teigausrollmaschine\/","title":{"rendered":"Madalga Teigausrollmaschine"},"content":{"rendered":"<h2>Haben Sie sich jemals vorgestellt, wie viel einfacher das Backen von franz\u00f6sischem Geb\u00e4ck w\u00e4re, wenn Sie den Teig jedes Mal perfekt laminieren k\u00f6nnten?<\/h2>\n<p>W\u00e4hrend professionelle B\u00e4cker seit langem auf automatisierte Teigausrollmaschinen in kommerzieller Gr\u00f6\u00dfe vertrauen, gab es bisher keine L\u00f6sung f\u00fcr Hobbyb\u00e4cker oder Menschen mit wenig Platz in der K\u00fcche. Bis jetzt!<br \/>\nUnsere Teigausrollmaschine macht das Laminieren von Teig so einfach wie Kuchen&#8230; oder sollten wir sagen, Croissant!<br \/>\nMit den Japan Kneader Teigausrollern wird das Unm\u00f6gliche m\u00f6glich. Unsere Teigausrollmaschinen wurden speziell f\u00fcr die Bed\u00fcrfnisse von Heimb\u00e4ckern und kleinen B\u00e4ckereien entwickelt. Sie lassen sich leicht auf- und abbauen und k\u00f6nnen auf jeder ebenen Fl\u00e4che verwendet werden. Au\u00dferdem sind sie umweltfreundlich, da sie ohne Strom funktionieren.<\/p>\n<h2>Testen Sie unseren Teigausroller und er\u00f6ffnen Sie sich unendliche Backm\u00f6glichkeiten!<\/h2>\n<p>In Zusammenarbeit mit Japan Kneader bringt Madalga Ihnen die beste kompakte Teigausrollmaschine. Mit dieser einfachen und kompakten Teigausrollmaschine k\u00f6nnen Sie in Ihrer K\u00fcche zu Hause perfekte laminierte Teige herstellen. Beide Versionen sind ideal f\u00fcr die Tischplatte und bieten ausreichend Platz, um gleichm\u00e4\u00dfige Teige f\u00fcr alles von Geb\u00e4ck bis Pizza auszurollen.<\/p>\n<p>Das doppelseitige Brett hat eine antihaftbeschichtete weiche Polypropylen-Seite zum Rollen und eine steife blaue Polypropylen-Seite zum Schneiden.<\/p>\n\n\t<section class=\"section\" id=\"section_78965495\">\n\t\t<div class=\"section-bg fill\" >\n\t\t\t\t\t\t\t\t\t\n\t\t\t\n\n\t\t<\/div>\n\n\t\t\n\n\t\t<div class=\"section-content relative\">\n\t\t\t\n<h2>Was ist der Unterschied zwischen RS-101 und RS-201?<\/h2>\n<p>Der Hauptunterschied zwischen der RS101 und der RS201 ist die Gr\u00f6\u00dfe und die Menge des Teigs, die auf einmal ausgebreitet werden kann.<\/p>\n<div class=\"row\"  id=\"row-770690542\">\n\n\t<div id=\"col-251653319\" class=\"col medium-6 small-12 large-6\"  >\n\t\t\t\t<div class=\"col-inner\"  >\n\t\t\t\n\t\t\t\n\t<div class=\"img has-hover x md-x lg-x y md-y lg-y\" id=\"image_1860986967\">\n\t\t\t\t\t\t\t\t<div class=\"img-inner dark\" >\n\t\t\t<img loading=\"lazy\" decoding=\"async\" width=\"1020\" height=\"680\" src=\"https:\/\/madalga.com\/wp-content\/uploads\/2024\/07\/3_ad6d01e1-6c0c-4491-a99d-a4a1a6cea491-1200x800.webp\" class=\"attachment-large size-large\" alt=\"\" srcset=\"https:\/\/madalga.com\/wp-content\/uploads\/2024\/07\/3_ad6d01e1-6c0c-4491-a99d-a4a1a6cea491-1200x800.webp 1200w, https:\/\/madalga.com\/wp-content\/uploads\/2024\/07\/3_ad6d01e1-6c0c-4491-a99d-a4a1a6cea491-600x400.webp 600w, https:\/\/madalga.com\/wp-content\/uploads\/2024\/07\/3_ad6d01e1-6c0c-4491-a99d-a4a1a6cea491-768x512.webp 768w, https:\/\/madalga.com\/wp-content\/uploads\/2024\/07\/3_ad6d01e1-6c0c-4491-a99d-a4a1a6cea491-247x165.webp 247w, https:\/\/madalga.com\/wp-content\/uploads\/2024\/07\/3_ad6d01e1-6c0c-4491-a99d-a4a1a6cea491-800x533.webp 800w, https:\/\/madalga.com\/wp-content\/uploads\/2024\/07\/3_ad6d01e1-6c0c-4491-a99d-a4a1a6cea491.webp 1500w\" sizes=\"auto, (max-width: 1020px) 100vw, 1020px\" \/>\t\t\t\t\t\t\n\t\t\t\t\t<\/div>\n\t\t\t\t\t\t\t\t\n<style>\n#image_1860986967 {\n  width: 100%;\n}\n<\/style>\n\t<\/div>\n\t\n<h3><strong>RS101<\/strong><\/h3>\n<ul>\n<li>Kapazit\u00e4t: ~500g<\/li>\n<li>Einstellbarer Dickenbereich 0 ~ 17,5 mm. (Dickeneinstellung: bis zu 5 mm um 1,0 mm, 5 ~ 17,5 mm um 2,5 mm) &#8211; 10 Stufen der Dicke insgesamt.<\/li>\n<li>Leicht zerlegbar und in einer Tragetasche aufzubewahren<\/li>\n<li>Kompakte Gr\u00f6\u00dfe f\u00fcr den Einsatz auf dem Tisch<\/li>\n<li>Handbetrieb<\/li>\n<li>Empfohlen f\u00fcr Hausb\u00e4cker<\/li>\n<li>Gewicht: 4,7 kg<\/li>\n<li>Offene Abmessungen (mit Griff): 82,5 x 41 x 20 cm<\/li>\n<li>Geschlossene Abmessungen: 14 x 37 x 20 cm<\/li>\n<li>Edelstahlrahmen<\/li>\n<li>Rollbrett aus antihaftbeschichtetem Polypropylen: 70 x 30 cm<\/li>\n<li>Garantie: 2 Jahre<\/li>\n<li>Hergestellt in Japan<\/li>\n<\/ul>\n\t<div class=\"img has-hover x md-x lg-x y md-y lg-y\" id=\"image_1867489966\">\n\t\t\t\t\t\t\t\t<div class=\"img-inner dark\" >\n\t\t\t<img loading=\"lazy\" decoding=\"async\" width=\"800\" height=\"800\" src=\"https:\/\/madalga.com\/wp-content\/uploads\/2024\/07\/MA-RS101-Teigausrollmaschine-RS101-4-800x800.jpg\" class=\"attachment-large size-large\" alt=\"\" srcset=\"https:\/\/madalga.com\/wp-content\/uploads\/2024\/07\/MA-RS101-Teigausrollmaschine-RS101-4-800x800.jpg 800w, https:\/\/madalga.com\/wp-content\/uploads\/2024\/07\/MA-RS101-Teigausrollmaschine-RS101-4-400x400.jpg 400w, https:\/\/madalga.com\/wp-content\/uploads\/2024\/07\/MA-RS101-Teigausrollmaschine-RS101-4-280x280.jpg 280w, https:\/\/madalga.com\/wp-content\/uploads\/2024\/07\/MA-RS101-Teigausrollmaschine-RS101-4-768x768.jpg 768w, https:\/\/madalga.com\/wp-content\/uploads\/2024\/07\/MA-RS101-Teigausrollmaschine-RS101-4-247x247.jpg 247w, https:\/\/madalga.com\/wp-content\/uploads\/2024\/07\/MA-RS101-Teigausrollmaschine-RS101-4-100x100.jpg 100w, https:\/\/madalga.com\/wp-content\/uploads\/2024\/07\/MA-RS101-Teigausrollmaschine-RS101-4.jpg 1000w\" sizes=\"auto, (max-width: 800px) 100vw, 800px\" \/>\t\t\t\t\t\t\n\t\t\t\t\t<\/div>\n\t\t\t\t\t\t\t\t\n<style>\n#image_1867489966 {\n  width: 100%;\n}\n<\/style>\n\t<\/div>\n\t\n\t\t<\/div>\n\t\t\t\t\t<\/div>\n\n\t\n\n\t<div id=\"col-1356076763\" class=\"col medium-6 small-12 large-6\"  >\n\t\t\t\t<div class=\"col-inner\"  >\n\t\t\t\n\t\t\t\n\t<div class=\"img has-hover x md-x lg-x y md-y lg-y\" id=\"image_1541076081\">\n\t\t\t\t\t\t\t\t<div class=\"img-inner dark\" >\n\t\t\t<img loading=\"lazy\" decoding=\"async\" width=\"1020\" height=\"680\" src=\"https:\/\/madalga.com\/wp-content\/uploads\/2024\/07\/4_0ab51e47-7284-45a4-a7b4-163b0e59b8e2-1200x800.webp\" class=\"attachment-large size-large\" alt=\"\" srcset=\"https:\/\/madalga.com\/wp-content\/uploads\/2024\/07\/4_0ab51e47-7284-45a4-a7b4-163b0e59b8e2-1200x800.webp 1200w, https:\/\/madalga.com\/wp-content\/uploads\/2024\/07\/4_0ab51e47-7284-45a4-a7b4-163b0e59b8e2-600x400.webp 600w, https:\/\/madalga.com\/wp-content\/uploads\/2024\/07\/4_0ab51e47-7284-45a4-a7b4-163b0e59b8e2-768x512.webp 768w, https:\/\/madalga.com\/wp-content\/uploads\/2024\/07\/4_0ab51e47-7284-45a4-a7b4-163b0e59b8e2-247x165.webp 247w, https:\/\/madalga.com\/wp-content\/uploads\/2024\/07\/4_0ab51e47-7284-45a4-a7b4-163b0e59b8e2-800x533.webp 800w, https:\/\/madalga.com\/wp-content\/uploads\/2024\/07\/4_0ab51e47-7284-45a4-a7b4-163b0e59b8e2.webp 1500w\" sizes=\"auto, (max-width: 1020px) 100vw, 1020px\" \/>\t\t\t\t\t\t\n\t\t\t\t\t<\/div>\n\t\t\t\t\t\t\t\t\n<style>\n#image_1541076081 {\n  width: 100%;\n}\n<\/style>\n\t<\/div>\n\t\n<h3><strong>RS201<\/strong><\/h3>\n<ul>\n<li>Kapazit\u00e4t: ~1000g<\/li>\n<li>Dickenverstellbereich 0 ~27mm (Dickenverstellung: bis zu 2mm mal 0,5mm, bis zu 25mm mal 2,5mm) &#8211; insgesamt 55 Dickenstufen<\/li>\n<li>Zusammenklappbar &amp; leicht zerlegbar<\/li>\n<li>Handbetrieb<\/li>\n<li>Bis zu 55 Stufen der Dickeneinstellung<\/li>\n<li>Empfohlen f\u00fcr Hausb\u00e4cker, B\u00e4ckereien, Caf\u00e9s und Restaurantbesitzer<\/li>\n<li>Der RS201 misst im aufgeklappten Zustand 103 x 58 x 27 cm und kann bei Nichtgebrauch einfach auf ein geschlossenes Ma\u00df von 30 x 47 x 11 cm zusammengeklappt werden.<\/li>\n<li>Rollbrett aus antihaftbeschichtetem Polypropylen: 100 x 40 cm<\/li>\n<li>Gewicht der Maschine: 6,4 kg<\/li>\n<li>Offene Abmessungen (mit Griff): 104 x 24 x 47 cm (mit Griff, 57 cm)<\/li>\n<li>Geschlossene Abmessungen: 11 x 27 x 44 cm<\/li>\n<li>Platte aus Polypropylen: 40 x 100 cm, 1 cm dick, 1 kg<\/li>\n<li>Edelstahlrahmen<\/li>\n<li>Garantie: 2 Jahre<\/li>\n<li>Hergestellt in Japan<\/li>\n<\/ul>\n\t<div class=\"img has-hover x md-x lg-x y md-y lg-y\" id=\"image_1042070271\">\n\t\t\t\t\t\t\t\t<div class=\"img-inner dark\" >\n\t\t\t<img loading=\"lazy\" decoding=\"async\" width=\"800\" height=\"800\" src=\"https:\/\/madalga.com\/wp-content\/uploads\/2024\/07\/MA-RS201-Teigausrollmaschine-5-800x800.jpg\" class=\"attachment-large size-large\" alt=\"\" srcset=\"https:\/\/madalga.com\/wp-content\/uploads\/2024\/07\/MA-RS201-Teigausrollmaschine-5-800x800.jpg 800w, https:\/\/madalga.com\/wp-content\/uploads\/2024\/07\/MA-RS201-Teigausrollmaschine-5-400x400.jpg 400w, https:\/\/madalga.com\/wp-content\/uploads\/2024\/07\/MA-RS201-Teigausrollmaschine-5-280x280.jpg 280w, https:\/\/madalga.com\/wp-content\/uploads\/2024\/07\/MA-RS201-Teigausrollmaschine-5-768x768.jpg 768w, https:\/\/madalga.com\/wp-content\/uploads\/2024\/07\/MA-RS201-Teigausrollmaschine-5-247x247.jpg 247w, https:\/\/madalga.com\/wp-content\/uploads\/2024\/07\/MA-RS201-Teigausrollmaschine-5-100x100.jpg 100w, https:\/\/madalga.com\/wp-content\/uploads\/2024\/07\/MA-RS201-Teigausrollmaschine-5.jpg 1000w\" sizes=\"auto, (max-width: 800px) 100vw, 800px\" \/>\t\t\t\t\t\t\n\t\t\t\t\t<\/div>\n\t\t\t\t\t\t\t\t\n<style>\n#image_1042070271 {\n  width: 100%;\n}\n<\/style>\n\t<\/div>\n\t\n\t\t<\/div>\n\t\t\t\t\t<\/div>\n\n\t\n<\/div>\n\t\t<\/div>\n\n\t\t\n<style>\n#section_78965495 {\n  padding-top: 30px;\n  padding-bottom: 30px;\n}\n<\/style>\n\t<\/section>\n\t\n\n\t<section class=\"section dark\" id=\"section_1915823469\">\n\t\t<div class=\"section-bg fill\" >\n\t\t\t\t\t\t\t\t\t\n\t\t\t\n\n\t\t<\/div>\n\n\t\t\n\n\t\t<div class=\"section-content relative\">\n\t\t\t\n<h2>RS101<\/h2>\n<p><strong>Welche Dickeneinstellungen gibt es?<\/strong><br \/>\nDie Dickeneinstellungen f\u00fcr die kompakte 30cm Teigausrollmaschine sind: 17,5 mm, 15 mm, 12,5 mm, 10 mm, 7,5 mm, 5 mm, 4 mm, 3 mm, 2 mm, 1 mm.<\/p>\n<p><strong>Welche Arten von Teig kann ich mit der Teigausrollmaschine ausrollen?<\/strong><br \/>\nTeigausrollmaschinen werden am h\u00e4ufigsten f\u00fcr laminierte Teige wie Croissants, Plunder- und Bl\u00e4tterteig verwendet. Sie k\u00f6nnen aber auch f\u00fcr viele andere Teigsorten verwendet werden, z. B. f\u00fcr Pl\u00e4tzchenteig, P\u00e2te sucr\u00e9e, P\u00e2te bris\u00e9e, Crackerteig und sogar f\u00fcr Fondant und Kaugummipaste.<\/p>\n<p><strong>Wie viel Platz brauche ich f\u00fcr die kompakte 30cm Teigausrollmaschine?<\/strong><br \/>\nIm aufgebauten Zustand misst die Maschine ca. 82,5 cm L x 41 cm B x 20 cm H. Auf beiden Seiten wird zus\u00e4tzlicher Platz f\u00fcr die Bewegung des Rollbretts ben\u00f6tigt. Wenn das Brett auf einer Seite vollst\u00e4ndig ausgezogen ist, werden zus\u00e4tzlich 15 cm Platz ben\u00f6tigt.<\/p>\n<p><strong>Wie viel Teig kann die kompakte 30-cm-Teigausrollmaschine aufnehmen?<\/strong><br \/>\nDie Teigmenge h\u00e4ngt von den Endma\u00dfen und der Dicke Ihres Teigs ab. Der entscheidende Faktor ist die Gr\u00f6\u00dfe des Rollbretts. Das Brett ist 70 cm lang und 30 cm breit. Unserer Erfahrung nach ist eine Charge Croissantteig mit 300 g Mehl fast die maximale Kapazit\u00e4t (mit dem Butterblock und dem Teigblock zusammen etwa 675 g).<\/p>\n<p><strong>Kann das Rollbrett f\u00fcr die Lagerung zusammengeklappt werden?<\/strong><br \/>\nDie Rollbretter k\u00f6nnen zur Aufbewahrung nicht zusammengeklappt werden. Die Boards sind jedoch schlank, leicht und einfach zu verstauen, wenn sie nicht in Gebrauch sind.<\/p>\n\t\t<\/div>\n\n\t\t\n<style>\n#section_1915823469 {\n  padding-top: 30px;\n  padding-bottom: 30px;\n  background-color: #a0a0a0;\n}\n<\/style>\n\t<\/section>\n\t\n\n\t<section class=\"section dark\" id=\"section_79562871\">\n\t\t<div class=\"section-bg fill\" >\n\t\t\t\t\t\t\t\t\t\n\t\t\t\n\n\t\t<\/div>\n\n\t\t\n\n\t\t<div class=\"section-content relative\">\n\t\t\t\n<h2>RS201<\/h2>\n<p style=\"text-align: left;\">Die RS201 ist gr\u00f6\u00dfer als die RS101 und bietet erweiterte Funktionen bei gleichbleibend kompakter Bauweise. Ihr klappbares Design sorgt daf\u00fcr, dass sie nur wenig Platz in der K\u00fcche einnimmt. Damit ist sie die ideale Wahl sowohl f\u00fcr Heimb\u00e4cker als auch f\u00fcr professionelle B\u00e4ckereibesitzer, die ihre Backeffizienz und -qualit\u00e4t steigern m\u00f6chten, ohne in eine gro\u00dfe gewerbliche Ausrollmaschine zu investieren.<\/p>\n<h3>FAQ:<\/h3>\n<p><strong>Welche Dickeneinstellungen gibt es?<\/strong><br \/>\nDer Dickenbereich betr\u00e4gt 0-27 mm.<\/p>\n<p><strong>Welche Arten von Teig kann ich ausrollen?<\/strong><br \/>\nAm h\u00e4ufigsten f\u00fcr laminierte Teige, aber auch f\u00fcr Keksteig, P\u00e2te sucr\u00e9e, P\u00e2te bris\u00e9e, Crackerteig und sogar Fondant und Gummipaste.<\/p>\n<p><strong>Wie viel Platz brauche ich?<\/strong><br \/>\nZusammengebaut: 104 x 57 x 24 cm.<\/p>\n<p><strong>Wie viel Teig kann die Maschine aufnehmen?<br \/>\n<\/strong> Das Brett ist 100 cm x 40 cm gro\u00df.<br \/>\n\t\t<\/div>\n\n\t\t\n<style>\n#section_79562871 {\n  padding-top: 30px;\n  padding-bottom: 30px;\n  background-color: #191b1f;\n}\n<\/style>\n\t<\/section>\n\t\n","protected":false},"excerpt":{"rendered":"<p>Haben Sie sich jemals vorgestellt, wie viel einfacher das Backen von franz\u00f6sischem Geb\u00e4ck w\u00e4re, wenn Sie den Teig jedes Mal perfekt laminieren k\u00f6nnten? W\u00e4hrend professionelle B\u00e4cker seit langem auf automatisierte Teigausrollmaschinen in kommerzieller Gr\u00f6\u00dfe vertrauen, gab es bisher keine L\u00f6sung f\u00fcr Hobbyb\u00e4cker oder Menschen mit wenig Platz in der K\u00fcche. Bis jetzt! Unsere Teigausrollmaschine macht [&#8230;]\n","protected":false},"featured_media":1317,"comment_status":"closed","ping_status":"closed","template":"","meta":{"_acf_changed":false},"product_brand":[],"product_cat":[81],"product_tag":[],"class_list":{"0":"post-1340","1":"product","2":"type-product","3":"status-publish","4":"has-post-thumbnail","6":"product_cat-kuchengerate","7":"product_shipping_class-dhl-kostenlos","9":"first","10":"instock","11":"taxable","12":"shipping-taxable","13":"purchasable","14":"product-type-variable"},"acf":[],"_links":{"self":[{"href":"https:\/\/madalga.com\/de\/wp-json\/wp\/v2\/product\/1340","targetHints":{"allow":["GET"]}}],"collection":[{"href":"https:\/\/madalga.com\/de\/wp-json\/wp\/v2\/product"}],"about":[{"href":"https:\/\/madalga.com\/de\/wp-json\/wp\/v2\/types\/product"}],"replies":[{"embeddable":true,"href":"https:\/\/madalga.com\/de\/wp-json\/wp\/v2\/comments?post=1340"}],"wp:featuredmedia":[{"embeddable":true,"href":"https:\/\/madalga.com\/de\/wp-json\/wp\/v2\/media\/1317"}],"wp:attachment":[{"href":"https:\/\/madalga.com\/de\/wp-json\/wp\/v2\/media?parent=1340"}],"wp:term":[{"taxonomy":"product_brand","embeddable":true,"href":"https:\/\/madalga.com\/de\/wp-json\/wp\/v2\/product_brand?post=1340"},{"taxonomy":"product_cat","embeddable":true,"href":"https:\/\/madalga.com\/de\/wp-json\/wp\/v2\/product_cat?post=1340"},{"taxonomy":"product_tag","embeddable":true,"href":"https:\/\/madalga.com\/de\/wp-json\/wp\/v2\/product_tag?post=1340"}],"curies":[{"name":"wp","href":"https:\/\/api.w.org\/{rel}","templated":true}]}}