{"id":865,"date":"2020-10-29T12:06:54","date_gmt":"2020-10-29T12:06:54","guid":{"rendered":"https:\/\/madalga.com\/produkt\/madalga-getreidemuehle-classico\/"},"modified":"2026-02-12T13:18:19","modified_gmt":"2026-02-12T12:18:19","slug":"madalga-getreidemuehle-classico","status":"publish","type":"product","link":"https:\/\/madalga.com\/de\/produkt\/madalga-getreidemuehle-classico\/","title":{"rendered":"Madalga Getreidem\u00fchle Classico"},"content":{"rendered":"<h2>Getreidem\u00fchle Classico von Madalga \u2013 Handgetreidem\u00fchle mit Stahlscheiben<\/h2>\n<p>Der Name ist Programm, denn unsere Handm\u00fchle Madalga Classico ist ein Klassiker, ein wahres Schmuckst\u00fcck, das Ihre K\u00fcche bereichern wird. Ohne jeglichen Strom kann mit ihr eine beachtliche Menge Mehl hergestellt werden. Der gro\u00dfe Trichter fasst volle 1,3 kg (Weizen). Das gro\u00dfe Schwungrad mit Handkurbel treibt die M\u00fchle mit Leichtigkeit an, so dass du ganz einfach dein eigenes Mehl herstellen kannst, ohne Strom zu ben\u00f6tigen.<\/p>\n<p>Die Madalga Classico Hand-Getreidem\u00fchle ist \u00e4u\u00dferst solide verarbeitet, verf\u00fcgt \u00fcber ein Mahlwerk aus rostfreiem Stahl und kann nicht nur alle Getreidesorten, sondern auch alle Arten von Samen und getrocknetem Mais verarbeiten. Der Mahlgrad kann so gro\u00dfz\u00fcgig eingestellt werden, dass auch Schrot wie Gr\u00fcnkernschrot hergestellt werden kann.<\/p>\n<p>Durch die Feineinstellung k\u00f6nnen Kaffeebohnen und Gew\u00fcrze perfekt verarbeitet werden, so dass deine Madalga Classico zu einer Getreidem\u00fchle, Kaffeem\u00fchle und Gew\u00fcrzm\u00fchle wird.<\/p>\n<p>Ein Statement f\u00fcr Liebhaber der Authentischen K\u00fcche, f\u00fcr Selbermacher und alle die noch etwas besonderes f\u00fcr ihre Landhausk\u00fcche suchen. Sie ist ein wahres Schmuckst\u00fcck und wertet jede K\u00fcche auf. Der nostalgische und klassische Look, die Kombination von Wei\u00df und Holzt\u00f6nen, verspr\u00fcht ein ganz besonderes Flair.<\/p>\n<div class=\"row\"  id=\"row-167632508\">\n\n\t<div id=\"col-1594325033\" class=\"col medium-6 small-12 large-6\"  >\n\t\t\t\t<div class=\"col-inner\"  >\n\t\t\t\n\t\t\t\n\n  <div class=\"banner has-hover\" id=\"banner-1385917962\">\n          <div class=\"banner-inner fill\">\n        <div class=\"banner-bg fill\" >\n            <img loading=\"lazy\" decoding=\"async\" width=\"800\" height=\"800\" src=\"https:\/\/madalga.com\/wp-content\/uploads\/2022\/08\/Madalga-Grain-Mill-Getreidemuehle-6-MA-MM01.jpg\" class=\"bg attachment-large size-large\" alt=\"\" \/>                        <div class=\"overlay\"><\/div>            \n                    <\/div>\n\t\t\n        <div class=\"banner-layers container\">\n            <div class=\"fill banner-link\"><\/div>            \n   <div id=\"text-box-727395090\" class=\"text-box banner-layer x50 md-x50 lg-x50 y50 md-y50 lg-y50 res-text\">\n                                <div class=\"text-box-content text dark text-shadow-1\">\n              \n              <div class=\"text-inner text-left\">\n                  \n\t<div id=\"text-2942973842\" class=\"text\">\n\t\t\n<h3 style=\"text-align: left;\">MAHLGRAD EINSTELLEN<\/h3>\n<p style=\"text-align: left;\"><strong>Die handbetriebene Getreidem\u00fchle Madalga Classico l\u00e4sst sich an der Seite der Mahlscheibe so einfach verstellen, wie man das Radio auf- oder abdrehen kann. Der Mahlgrad ist im Uhrzeigersinn feiner und gegen den Uhrzeigersinn gr\u00f6ber.<\/strong><\/p>\n\t\t\n<style>\n#text-2942973842 {\n  font-size: 1rem;\n  color: rgb(255, 255, 255);\n}\n#text-2942973842 > * {\n  color: rgb(255, 255, 255);\n}\n<\/style>\n\t<\/div>\n\t\n              <\/div>\n           <\/div>\n                            \n<style>\n#text-box-727395090 {\n  width: 60%;\n}\n#text-box-727395090 .text-box-content {\n  font-size: 100%;\n}\n<\/style>\n    <\/div>\n \n        <\/div>\n      <\/div>\n\n            \n<style>\n#banner-1385917962 {\n  padding-top: 500px;\n}\n#banner-1385917962 .overlay {\n  background-color: rgba(0, 0, 0, 0.17);\n}\n<\/style>\n  <\/div>\n\n\n\t\t<\/div>\n\t\t\t\t\t<\/div>\n\n\t\n\n\t<div id=\"col-1135443975\" class=\"col medium-6 small-12 large-6\"  >\n\t\t\t\t<div class=\"col-inner\"  >\n\t\t\t\n\t\t\t\n\n  <div class=\"banner has-hover\" id=\"banner-1210033286\">\n          <div class=\"banner-inner fill\">\n        <div class=\"banner-bg fill\" >\n            <img loading=\"lazy\" decoding=\"async\" width=\"800\" height=\"800\" src=\"https:\/\/madalga.com\/wp-content\/uploads\/2022\/08\/Madalga-Grain-Mill-Handgetreidemuehle-1-MA-MM01.jpg\" class=\"bg attachment-large size-large\" alt=\"\" \/>                        <div class=\"overlay\"><\/div>            \n                    <\/div>\n\t\t\n        <div class=\"banner-layers container\">\n            <div class=\"fill banner-link\"><\/div>            \n   <div id=\"text-box-1091423942\" class=\"text-box banner-layer x50 md-x50 lg-x50 y50 md-y50 lg-y50 res-text\">\n                                <div class=\"text-box-content text dark text-shadow-1\">\n              \n              <div class=\"text-inner text-left\">\n                  \n\t<div id=\"text-1046521396\" class=\"text\">\n\t\t\n<h3 class=\"uppercase\" style=\"text-align: left;\">Eine extrem solide gefertigte M\u00fchle<\/h3>\n<p style=\"text-align: left;\"><strong>Unsere Madalga Classico Handm\u00fchle ist aus robustem Metall gefertigt. Hochwertige Fertigung und robust verschwei\u00dft, steht sie f\u00fcr Haltbarkeit und Langlebigkeit.<\/strong><\/p>\n\t\t\n<style>\n#text-1046521396 {\n  font-size: 1rem;\n  color: rgb(255, 255, 255);\n}\n#text-1046521396 > * {\n  color: rgb(255, 255, 255);\n}\n<\/style>\n\t<\/div>\n\t\n              <\/div>\n           <\/div>\n                            \n<style>\n#text-box-1091423942 {\n  width: 60%;\n}\n#text-box-1091423942 .text-box-content {\n  font-size: 100%;\n}\n<\/style>\n    <\/div>\n \n        <\/div>\n      <\/div>\n\n            \n<style>\n#banner-1210033286 {\n  padding-top: 500px;\n}\n#banner-1210033286 .overlay {\n  background-color: rgba(0, 0, 0, 0.17);\n}\n<\/style>\n  <\/div>\n\n\n\t\t<\/div>\n\t\t\t\t\t<\/div>\n\n\t\n<\/div>\n<div class=\"row\"  id=\"row-422357705\">\n\n\t<div id=\"col-2098935229\" class=\"col medium-4 small-12 large-4\"  >\n\t\t\t\t<div class=\"col-inner\"  >\n\t\t\t\n\t\t\t\n\n  <div class=\"banner has-hover\" id=\"banner-1130148631\">\n          <div class=\"banner-inner fill\">\n        <div class=\"banner-bg fill\" >\n            <img loading=\"lazy\" decoding=\"async\" width=\"533\" height=\"800\" src=\"https:\/\/madalga.com\/wp-content\/uploads\/2022\/08\/Madalga-Grain-Mill-Getreidemuehle-05184-533x800.jpg\" class=\"bg attachment-large size-large\" alt=\"\" \/>                        <div class=\"overlay\"><\/div>            \n                    <\/div>\n\t\t\n        <div class=\"banner-layers container\">\n            <div class=\"fill banner-link\"><\/div>            \n   <div id=\"text-box-612150073\" class=\"text-box banner-layer x50 md-x50 lg-x50 y50 md-y50 lg-y50 res-text\">\n                                <div class=\"text-box-content text dark text-shadow-1\">\n              \n              <div class=\"text-inner text-left\">\n                  \n\t<div id=\"text-1138411454\" class=\"text\">\n\t\t\n<h3>GEEIGNET F\u00dcR MOTORBETRIEB<\/h3>\n<p><strong>Mit einem geeignetem Motor kann unsere Madalga Classico, sehr einfach, mit bis zu 75U\/Min \u00fcber einen Riemen angetrieben werden. Das gro\u00dfe Antriebsrad\/Schwungrad hat eine Rille, die Platz f\u00fcr einen Riemen bietet.<\/strong><br \/>\n\t\t\n<style>\n#text-1138411454 {\n  font-size: 1rem;\n  color: rgb(255, 255, 255);\n}\n#text-1138411454 > * {\n  color: rgb(255, 255, 255);\n}\n<\/style>\n\t<\/div>\n\t\n              <\/div>\n           <\/div>\n                            \n<style>\n#text-box-612150073 {\n  width: 60%;\n}\n#text-box-612150073 .text-box-content {\n  font-size: 100%;\n}\n<\/style>\n    <\/div>\n \n        <\/div>\n      <\/div>\n\n            \n<style>\n#banner-1130148631 {\n  padding-top: 500px;\n}\n#banner-1130148631 .overlay {\n  background-color: rgba(0, 0, 0, 0.17);\n}\n<\/style>\n  <\/div>\n\n\n\t\t<\/div>\n\t\t\t\t\t<\/div>\n\n\t\n\n\t<div id=\"col-256993614\" class=\"col medium-4 small-12 large-4\"  >\n\t\t\t\t<div class=\"col-inner\"  >\n\t\t\t\n\t\t\t\n\n  <div class=\"banner has-hover\" id=\"banner-81936170\">\n          <div class=\"banner-inner fill\">\n        <div class=\"banner-bg fill\" >\n            <img loading=\"lazy\" decoding=\"async\" width=\"533\" height=\"800\" src=\"https:\/\/madalga.com\/wp-content\/uploads\/2022\/08\/Madalga-Grain-Mill-Getreidemuehle-04996-533x800.jpg\" class=\"bg attachment-large size-large\" alt=\"\" \/>                        <div class=\"overlay\"><\/div>            \n                    <\/div>\n\t\t\n        <div class=\"banner-layers container\">\n            <div class=\"fill banner-link\"><\/div>            \n   <div id=\"text-box-495582904\" class=\"text-box banner-layer x50 md-x50 lg-x50 y50 md-y50 lg-y50 res-text\">\n                                <div class=\"text-box-content text dark text-shadow-1\">\n              \n              <div class=\"text-inner text-left\">\n                  \n\t<div id=\"text-2408119402\" class=\"text\">\n\t\t\n<h3 class=\"uppercase\" style=\"text-align: left;\">Gro\u00dfer Trichter<\/h3>\n<p style=\"text-align: left;\"><strong>Der Futtertrichter der Madalga Classico ist perfekt, denn er fasst ca. 1,3 kg (Weizen)! Das bedeutet, dass mit einem Mahlvorgang eine gro\u00dfe Menge an Mehl hergestellt werden kann. Im Lieferumfang ist auch ein Holzgriff enthalten, der oben auf dem Trichter angebracht wird. Das verspricht eine perfekte Handhabung beim Mahlen.<\/strong><\/p>\n\t\t\n<style>\n#text-2408119402 {\n  font-size: 1rem;\n  color: rgb(255, 255, 255);\n}\n#text-2408119402 > * {\n  color: rgb(255, 255, 255);\n}\n<\/style>\n\t<\/div>\n\t\n              <\/div>\n           <\/div>\n                            \n<style>\n#text-box-495582904 {\n  width: 60%;\n}\n#text-box-495582904 .text-box-content {\n  font-size: 100%;\n}\n<\/style>\n    <\/div>\n \n        <\/div>\n      <\/div>\n\n            \n<style>\n#banner-81936170 {\n  padding-top: 500px;\n}\n#banner-81936170 .overlay {\n  background-color: rgba(0, 0, 0, 0.17);\n}\n<\/style>\n  <\/div>\n\n\n\t\t<\/div>\n\t\t\t\t\t<\/div>\n\n\t\n\n\t<div id=\"col-1267611226\" class=\"col medium-4 small-12 large-4\"  >\n\t\t\t\t<div class=\"col-inner\"  >\n\t\t\t\n\t\t\t\n\n  <div class=\"banner has-hover\" id=\"banner-332239973\">\n          <div class=\"banner-inner fill\">\n        <div class=\"banner-bg fill\" >\n            <img loading=\"lazy\" decoding=\"async\" width=\"533\" height=\"800\" src=\"https:\/\/madalga.com\/wp-content\/uploads\/2022\/08\/Madalga-Grain-Mill-Getreidemuehle-05118-533x800.jpg\" class=\"bg attachment-large size-large\" alt=\"\" \/>                        <div class=\"overlay\"><\/div>            \n                    <\/div>\n\t\t\n        <div class=\"banner-layers container\">\n            <div class=\"fill banner-link\"><\/div>            \n   <div id=\"text-box-2091475453\" class=\"text-box banner-layer x50 md-x50 lg-x50 y50 md-y50 lg-y50 res-text\">\n                                <div class=\"text-box-content text dark text-shadow-1\">\n              \n              <div class=\"text-inner text-left\">\n                  \n\t<div id=\"text-2960401163\" class=\"text\">\n\t\t\n<h3 class=\"uppercase\" style=\"text-align: left;\">Das Stahlmahlwerk<\/h3>\n<p style=\"text-align: left;\"><strong>Das Edelstahlmahlwerk ist f\u00fcr alle Getreidesorten, alle K\u00f6rner und auch Mais geeignet. Auch zum Mahlen von Kaffeebohnen, Samen und vielem mehr geeignet. So wird die Zubereitung von Gr\u00fcnkernschrot einfach leicht.<\/strong><\/p>\n\t\t\n<style>\n#text-2960401163 {\n  font-size: 1rem;\n  color: rgb(255, 255, 255);\n}\n#text-2960401163 > * {\n  color: rgb(255, 255, 255);\n}\n<\/style>\n\t<\/div>\n\t\n              <\/div>\n           <\/div>\n                            \n<style>\n#text-box-2091475453 {\n  width: 60%;\n}\n#text-box-2091475453 .text-box-content {\n  font-size: 100%;\n}\n<\/style>\n    <\/div>\n \n        <\/div>\n      <\/div>\n\n            \n<style>\n#banner-332239973 {\n  padding-top: 500px;\n}\n#banner-332239973 .overlay {\n  background-color: rgba(0, 0, 0, 0.17);\n}\n<\/style>\n  <\/div>\n\n\n\t\t<\/div>\n\t\t\t\t\t<\/div>\n\n\t\n<\/div>\n<div class=\"row\"  id=\"row-1019760032\">\n\n\t<div id=\"col-881624391\" class=\"col medium-6 small-12 large-6\"  >\n\t\t\t\t<div class=\"col-inner\"  >\n\t\t\t\n\t\t\t\n<div class=\"container section-title-container\" ><h3 class=\"section-title section-title-normal\"><b aria-hidden=\"true\"><\/b><span class=\"section-title-main\" >DETAILS<\/span><b aria-hidden=\"true\"><\/b><\/h3><\/div>\n<table style=\"width: 100%; border-collapse: collapse;\" cellspacing=\"10px\" cellpadding=\"5px\">\n<tbody>\n<tr>\n<td style=\"width: 100%;\">Stahlgeh\u00e4use<\/td>\n<\/tr>\n<tr>\n<td style=\"width: 100%; background-color: #ebebeb;\">Hygienische Pulverbeschichtung<\/td>\n<\/tr>\n<tr>\n<td style=\"width: 100%;\">Mahlscheiben aus Edelstahl<\/td>\n<\/tr>\n<tr>\n<td style=\"width: 100%; background-color: #ebebeb;\">Kurbelverl\u00e4ngerung<\/td>\n<\/tr>\n<tr>\n<td style=\"width: 100%;\">Einfache Demontage zur Reinigung<\/td>\n<\/tr>\n<tr>\n<td style=\"width: 100%; background-color: #ebebeb;\">Extra gro\u00dfer Trichter fasst ca. 1,3 kg (Weizen)<\/td>\n<\/tr>\n<tr>\n<td style=\"width: 100%;\">Gewicht mit Kurbelverl\u00e4ngerung 13 kg<\/td>\n<\/tr>\n<tr>\n<td style=\"width: 100%; background-color: #ebebeb;\">H\u00f6he 39,5 cm<\/td>\n<\/tr>\n<tr>\n<td style=\"width: 100%;\">Tiefe mit Kurbel 44,5cm \/ ohne 28 cm<\/td>\n<\/tr>\n<tr>\n<td style=\"width: 100%; background-color: #ebebeb;\">Breite mit Kurbelverl\u00e4ngerung 43,5 cm \/ ohne 31 cm<\/td>\n<\/tr>\n<tr>\n<td style=\"width: 100%;\">Kurbelradius mit Verl\u00e4ngerung 26,5 cm \/ ohne 14 cm<\/td>\n<\/tr>\n<tr>\n<td style=\"width: 100%; background-color: #ebebeb;\">2 Jahre Garantie<\/td>\n<\/tr>\n<\/tbody>\n<\/table>\n\t\t<\/div>\n\t\t\t\t\t<\/div>\n\n\t\n\n\t<div id=\"col-535506637\" class=\"col medium-6 small-12 large-6\"  >\n\t\t\t\t<div class=\"col-inner\"  >\n\t\t\t\n\t\t\t\n<div class=\"container section-title-container\" ><h3 class=\"section-title section-title-normal\"><b aria-hidden=\"true\"><\/b><span class=\"section-title-main\" >Lieferumfang<\/span><b aria-hidden=\"true\"><\/b><\/h3><\/div>\n<table style=\"width: 100%; border-collapse: collapse;\" cellspacing=\"10px\" cellpadding=\"5px\">\n<tbody>\n<tr>\n<td style=\"width: 100%;\">1 x Madalga Handm\u00fchle Classico<\/td>\n<\/tr>\n<tr>\n<td style=\"width: 100%; background-color: #ebebeb;\">1 x Kurbelverl\u00e4ngerung<\/td>\n<\/tr>\n<tr>\n<td style=\"width: 100%;\">1 x Handauflage aus Holz f\u00fcr den Einf\u00fclltrichter<\/td>\n<\/tr>\n<tr>\n<td style=\"width: 100%; background-color: #ebebeb;\">1 x Transportplatte (Bohrschablone)<\/td>\n<\/tr>\n<tr>\n<td style=\"width: 100%;\">1 x Bedienungsanleitung<\/td>\n<\/tr>\n<\/tbody>\n<\/table>\n\t\t<\/div>\n\t\t\t\t\t<\/div>\n\n\t\n<\/div>\n","protected":false},"excerpt":{"rendered":"\n<p>&nbsp;<\/p>\n","protected":false},"featured_media":851,"comment_status":"open","ping_status":"closed","template":"","meta":{"_acf_changed":false},"product_brand":[97],"product_cat":[81],"product_tag":[],"class_list":{"0":"post-865","1":"product","2":"type-product","3":"status-publish","4":"has-post-thumbnail","6":"product_brand-madalga","7":"product_cat-kuchengerate","9":"first","10":"instock","11":"sale","12":"taxable","13":"shipping-taxable","14":"purchasable","15":"product-type-simple"},"acf":[],"_links":{"self":[{"href":"https:\/\/madalga.com\/de\/wp-json\/wp\/v2\/product\/865","targetHints":{"allow":["GET"]}}],"collection":[{"href":"https:\/\/madalga.com\/de\/wp-json\/wp\/v2\/product"}],"about":[{"href":"https:\/\/madalga.com\/de\/wp-json\/wp\/v2\/types\/product"}],"replies":[{"embeddable":true,"href":"https:\/\/madalga.com\/de\/wp-json\/wp\/v2\/comments?post=865"}],"wp:featuredmedia":[{"embeddable":true,"href":"https:\/\/madalga.com\/de\/wp-json\/wp\/v2\/media\/851"}],"wp:attachment":[{"href":"https:\/\/madalga.com\/de\/wp-json\/wp\/v2\/media?parent=865"}],"wp:term":[{"taxonomy":"product_brand","embeddable":true,"href":"https:\/\/madalga.com\/de\/wp-json\/wp\/v2\/product_brand?post=865"},{"taxonomy":"product_cat","embeddable":true,"href":"https:\/\/madalga.com\/de\/wp-json\/wp\/v2\/product_cat?post=865"},{"taxonomy":"product_tag","embeddable":true,"href":"https:\/\/madalga.com\/de\/wp-json\/wp\/v2\/product_tag?post=865"}],"curies":[{"name":"wp","href":"https:\/\/api.w.org\/{rel}","templated":true}]}}